{"id":2882,"date":"2024-05-12T22:32:16","date_gmt":"2024-05-12T22:32:16","guid":{"rendered":"https:\/\/americanelogistics.com\/blog\/"},"modified":"2024-06-24T14:37:18","modified_gmt":"2024-06-24T14:37:18","slug":"blog","status":"publish","type":"page","link":"https:\/\/americanelogistics.com\/it\/blog\/","title":{"rendered":"Blog"},"content":{"rendered":"\t\t<div data-elementor-type=\"wp-page\" data-elementor-id=\"2882\" class=\"elementor elementor-2882 elementor-997\" data-elementor-settings=\"{&quot;ha_cmc_init_switcher&quot;:&quot;no&quot;}\" data-elementor-post-type=\"page\">\n\t\t\t\t\t\t<section class=\"elementor-section elementor-top-section elementor-element elementor-element-4c3b02e elementor-section-content-middle elementor-section-boxed elementor-section-height-default elementor-section-height-default wpr-equal-height-no\" data-id=\"4c3b02e\" data-element_type=\"section\" data-e-type=\"section\" data-settings=\"{&quot;background_background&quot;:&quot;classic&quot;,&quot;_ha_eqh_enable&quot;:false}\">\n\t\t\t\t\t\t\t<div class=\"elementor-background-overlay\"><\/div>\n\t\t\t\t\t\t\t<div class=\"elementor-container elementor-column-gap-no\">\n\t\t\t\t\t<div class=\"elementor-column elementor-col-50 elementor-top-column elementor-element elementor-element-d342da2\" data-id=\"d342da2\" data-element_type=\"column\" data-e-type=\"column\">\n\t\t\t<div class=\"elementor-widget-wrap elementor-element-populated\">\n\t\t\t\t\t\t<div class=\"elementor-element elementor-element-b0f3a91 elementor-widget elementor-widget-heading\" data-id=\"b0f3a91\" data-element_type=\"widget\" data-e-type=\"widget\" data-widget_type=\"heading.default\">\n\t\t\t\t<div class=\"elementor-widget-container\">\n\t\t\t\t\t<h1 class=\"elementor-heading-title elementor-size-default\">Approfondimenti AEL<\/h1>\t\t\t\t<\/div>\n\t\t\t\t<\/div>\n\t\t\t\t<div class=\"elementor-element elementor-element-4a1622d elementor-widget elementor-widget-text-editor\" data-id=\"4a1622d\" data-element_type=\"widget\" data-e-type=\"widget\" data-widget_type=\"text-editor.default\">\n\t\t\t\t<div class=\"elementor-widget-container\">\n\t\t\t\t\t\t\t\t\t<p>Pagina del blog per domande e risposte sui servizi, caratteristiche, approfondimenti e altro ancora.<\/p>\n\t\t\t\t\t\t\t\t<\/div>\n\t\t\t\t<\/div>\n\t\t\t\t\t<\/div>\n\t\t<\/div>\n\t\t\t\t<div class=\"elementor-column elementor-col-50 elementor-top-column elementor-element elementor-element-5048e59\" data-id=\"5048e59\" data-element_type=\"column\" data-e-type=\"column\">\n\t\t\t<div class=\"elementor-widget-wrap elementor-element-populated\">\n\t\t\t\t\t\t<div class=\"elementor-element elementor-element-2af2700 elementor-widget elementor-widget-image\" data-id=\"2af2700\" data-element_type=\"widget\" data-e-type=\"widget\" data-widget_type=\"image.default\">\n\t\t\t\t<div class=\"elementor-widget-container\">\n\t\t\t\t\t\t\t\t\t\t\t\t\t\t\t<img fetchpriority=\"high\" decoding=\"async\" width=\"2000\" height=\"1772\" src=\"https:\/\/americanelogistics.com\/wp-content\/uploads\/2024\/05\/blog-blogging-homepage-social-media-network-concept.jpg\" class=\"attachment-full size-full wp-image-1000\" alt=\"Blog Blogging Homepage Social Media Network Concept\" srcset=\"https:\/\/americanelogistics.com\/wp-content\/uploads\/2024\/05\/blog-blogging-homepage-social-media-network-concept.jpg 2000w, https:\/\/americanelogistics.com\/wp-content\/uploads\/2024\/05\/blog-blogging-homepage-social-media-network-concept-600x532.jpg 600w, https:\/\/americanelogistics.com\/wp-content\/uploads\/2024\/05\/blog-blogging-homepage-social-media-network-concept-300x266.jpg 300w, https:\/\/americanelogistics.com\/wp-content\/uploads\/2024\/05\/blog-blogging-homepage-social-media-network-concept-1024x907.jpg 1024w, https:\/\/americanelogistics.com\/wp-content\/uploads\/2024\/05\/blog-blogging-homepage-social-media-network-concept-768x680.jpg 768w, https:\/\/americanelogistics.com\/wp-content\/uploads\/2024\/05\/blog-blogging-homepage-social-media-network-concept-1536x1361.jpg 1536w, https:\/\/americanelogistics.com\/wp-content\/uploads\/2024\/05\/blog-blogging-homepage-social-media-network-concept-1320x1170.jpg 1320w\" sizes=\"(max-width: 2000px) 100vw, 2000px\" title=\"\">\t\t\t\t\t\t\t\t\t\t\t\t\t\t\t<\/div>\n\t\t\t\t<\/div>\n\t\t\t\t\t<\/div>\n\t\t<\/div>\n\t\t\t\t\t<\/div>\n\t\t<\/section>\n\t\t<div class=\"elementor-element elementor-element-b84e4d7 e-flex e-con-boxed wpr-equal-height-no e-con e-parent\" data-id=\"b84e4d7\" data-element_type=\"container\" data-e-type=\"container\" data-settings=\"{&quot;_ha_eqh_enable&quot;:false}\">\n\t\t\t\t\t<div class=\"e-con-inner\">\n\t\t\t\t<div class=\"elementor-element elementor-element-6b597e5 elementor-widget-divider--view-line elementor-widget elementor-widget-divider\" data-id=\"6b597e5\" data-element_type=\"widget\" data-e-type=\"widget\" data-widget_type=\"divider.default\">\n\t\t\t\t<div class=\"elementor-widget-container\">\n\t\t\t\t\t\t\t<div class=\"elementor-divider\">\n\t\t\t<span class=\"elementor-divider-separator\">\n\t\t\t\t\t\t<\/span>\n\t\t<\/div>\n\t\t\t\t\t\t<\/div>\n\t\t\t\t<\/div>\n\t\t\t\t\t<\/div>\n\t\t\t\t<\/div>\n\t\t<div class=\"elementor-element elementor-element-ba2a0ff e-flex e-con-boxed wpr-equal-height-no e-con e-parent\" data-id=\"ba2a0ff\" data-element_type=\"container\" data-e-type=\"container\" data-settings=\"{&quot;_ha_eqh_enable&quot;:false}\">\n\t\t\t\t\t<div class=\"e-con-inner\">\n\t\t<div class=\"elementor-element elementor-element-91199d1 e-con-full e-flex wpr-equal-height-no e-con e-child\" data-id=\"91199d1\" data-element_type=\"container\" data-e-type=\"container\" data-settings=\"{&quot;_ha_eqh_enable&quot;:false}\">\n\t\t\t\t<div class=\"elementor-element elementor-element-9748c69 elementor-widget elementor-widget-text-editor\" data-id=\"9748c69\" data-element_type=\"widget\" data-e-type=\"widget\" data-widget_type=\"text-editor.default\">\n\t\t\t\t<div class=\"elementor-widget-container\">\n\t\t\t\t\t\t\t\t\t<p><strong>American eLogistics<\/strong> \u00e8 un partner fidato e affidabile per i commercianti europei che desiderano espandere la propria attivit\u00e0 e raggiungere nuovi mercati attraverso il programma Amazon Global Seller. Grazie ad anni di esperienza e competenza nel settore della logistica, abbiamo sviluppato una serie di soluzioni efficaci, studiate appositamente per aiutare i commercianti europei a superare le sfide uniche che devono affrontare quando vendono i loro prodotti negli Stati Uniti.<\/p>\n<p>Uno dei vantaggi principali della collaborazione con American eLogistics \u00e8 la nostra capacit\u00e0 di garantire la conformit\u00e0 alle complesse normative e ai requisiti che regolano il commercio elettronico transfrontaliero. Il nostro team di esperti dedicati conosce bene tutti gli aspetti delle normative doganali e di importazione degli Stati Uniti, nonch\u00e9 le varie norme e regolamenti che disciplinano la vendita di merci su Amazon. Ci\u00f2 significa che possiamo aiutare i commercianti europei a navigare in questi processi spesso confusi e difficili, assicurando che le loro spedizioni si muovano in modo fluido ed efficiente attraverso la catena di fornitura.<\/p>\n<p>Oltre alla nostra esperienza in materia di conformit\u00e0, American eLogistics \u00e8 anche impegnata ad aiutare i commercianti europei a ridurre i costi operativi e a snellire i processi logistici. Offriamo una gamma di soluzioni efficienti e convenienti che possono aiutare gli esercenti a risparmiare tempo e denaro, consentendo loro di concentrarsi sulla crescita della propria attivit\u00e0 e sull&#8217;aumento dei profitti. Dalla gestione dell&#8217;inventario all&#8217;evasione degli ordini, dall&#8217;elaborazione dei resi al servizio clienti, disponiamo degli strumenti e delle risorse necessarie per aiutare i commercianti europei ad avere successo nel competitivo mercato statunitense.<\/p>\n<p>Infine, American eLogistics \u00e8 anche la scelta preferita per la gestione dei resi nazionali statunitensi. Il nostro sistema avanzato di gestione dei resi \u00e8 stato progettato per rendere il processo di reso il pi\u00f9 semplice e indolore possibile sia per i commercianti che per i clienti, assicurando che tutti siano soddisfatti del risultato. Lavoriamo a stretto contatto con i commercianti per sviluppare politiche di reso personalizzate, adatte alle loro esigenze e ai loro requisiti specifici, e siamo sempre disponibili a fornire consigli e indicazioni di esperti ogni volta che se ne presenta la necessit\u00e0.<\/p>\n<p>Nel complesso, American eLogistics \u00e8 il partner ideale per i commercianti europei che desiderano vendere i propri prodotti su Amazon e altri mercati statunitensi. Grazie alla nostra vasta esperienza, al nostro impegno per la conformit\u00e0 e l&#8217;efficienza e alla nostra attenzione per la soddisfazione dei clienti, siamo certi di poter aiutare i commercianti a superare le sfide del commercio elettronico transfrontaliero e a raggiungere i loro obiettivi commerciali.<\/p>\n\t\t\t\t\t\t\t\t<\/div>\n\t\t\t\t<\/div>\n\t\t\t\t<\/div>\n\t\t<div class=\"elementor-element elementor-element-f40b3db e-con-full e-flex wpr-equal-height-no e-con e-child\" data-id=\"f40b3db\" data-element_type=\"container\" data-e-type=\"container\" data-settings=\"{&quot;_ha_eqh_enable&quot;:false}\">\n\t\t\t\t<div class=\"elementor-element elementor-element-c1c79fa elementor-position-top elementor-widget elementor-widget-image-box\" data-id=\"c1c79fa\" data-element_type=\"widget\" data-e-type=\"widget\" data-widget_type=\"image-box.default\">\n\t\t\t\t<div class=\"elementor-widget-container\">\n\t\t\t\t\t<div class=\"elementor-image-box-wrapper\"><figure class=\"elementor-image-box-img\"><a href=\"https:\/\/americanelogistics.com\/it\/servizio-di-restituzione-internazionale-amazon\/semplificazione-dei-resi-negli-stati-uniti-per-i-venditori-europei-di-amazon\/\" tabindex=\"-1\"><img decoding=\"async\" width=\"2000\" height=\"1333\" src=\"https:\/\/americanelogistics.com\/wp-content\/uploads\/2024\/05\/world-map-and-in-front-of-the-map-close-up-hand-holding-pushpin-choose-the-destination-.jpg\" class=\"attachment-full size-full wp-image-1006\" alt=\"U.S. Returns for European Amazon Sellers\" title=\"\" srcset=\"https:\/\/americanelogistics.com\/wp-content\/uploads\/2024\/05\/world-map-and-in-front-of-the-map-close-up-hand-holding-pushpin-choose-the-destination-.jpg 2000w, https:\/\/americanelogistics.com\/wp-content\/uploads\/2024\/05\/world-map-and-in-front-of-the-map-close-up-hand-holding-pushpin-choose-the-destination--600x400.jpg 600w, https:\/\/americanelogistics.com\/wp-content\/uploads\/2024\/05\/world-map-and-in-front-of-the-map-close-up-hand-holding-pushpin-choose-the-destination--300x200.jpg 300w, https:\/\/americanelogistics.com\/wp-content\/uploads\/2024\/05\/world-map-and-in-front-of-the-map-close-up-hand-holding-pushpin-choose-the-destination--1024x682.jpg 1024w, https:\/\/americanelogistics.com\/wp-content\/uploads\/2024\/05\/world-map-and-in-front-of-the-map-close-up-hand-holding-pushpin-choose-the-destination--768x512.jpg 768w, https:\/\/americanelogistics.com\/wp-content\/uploads\/2024\/05\/world-map-and-in-front-of-the-map-close-up-hand-holding-pushpin-choose-the-destination--1536x1024.jpg 1536w, https:\/\/americanelogistics.com\/wp-content\/uploads\/2024\/05\/world-map-and-in-front-of-the-map-close-up-hand-holding-pushpin-choose-the-destination--1320x880.jpg 1320w\" sizes=\"(max-width: 2000px) 100vw, 2000px\" \/><\/a><\/figure><div class=\"elementor-image-box-content\"><h3 class=\"elementor-image-box-title\"><a href=\"https:\/\/americanelogistics.com\/it\/servizio-di-restituzione-internazionale-amazon\/semplificazione-dei-resi-negli-stati-uniti-per-i-venditori-europei-di-amazon\/\">Semplificazione dei resi negli Stati Uniti per i venditori europei di Amazon<\/a><\/h3><p class=\"elementor-image-box-description\">American eLogistics \u00e8 specializzata nel semplificare questo processo, assicurando che i commercianti europei possano gestire in modo efficiente i loro resi negli Stati Uniti e rimanere conformi ai requisiti di servizio locali di Amazon.American eLogistics \u00e8 specializzata nel semplificare questo processo, assicurando che i commercianti europei possano gestire in modo efficiente i loro resi negli Stati Uniti e rimanere conformi ai requisiti di servizio locali di Amazon.<\/p><\/div><\/div>\t\t\t\t<\/div>\n\t\t\t\t<\/div>\n\t\t\t\t<div class=\"elementor-element elementor-element-29c1e19 elementor-position-top elementor-widget elementor-widget-image-box\" data-id=\"29c1e19\" data-element_type=\"widget\" data-e-type=\"widget\" data-widget_type=\"image-box.default\">\n\t\t\t\t<div class=\"elementor-widget-container\">\n\t\t\t\t\t<div class=\"elementor-image-box-wrapper\"><figure class=\"elementor-image-box-img\"><a href=\"https:\/\/americanelogistics.com\/blog\/navigating-cross-border-fulfillment-with-american-e-logistics-empowering-merchants-in-china-south-korea-and-japan\/\" tabindex=\"-1\"><img decoding=\"async\" width=\"1280\" height=\"851\" src=\"https:\/\/americanelogistics.com\/wp-content\/uploads\/2024\/06\/pexels-photo-932261-932261.jpg\" class=\"attachment-full size-full wp-image-2454\" alt=\"pexels-photo-932261-932261.jpg\" title=\"\" srcset=\"https:\/\/americanelogistics.com\/wp-content\/uploads\/2024\/06\/pexels-photo-932261-932261.jpg 1280w, https:\/\/americanelogistics.com\/wp-content\/uploads\/2024\/06\/pexels-photo-932261-932261-300x199.jpg 300w, https:\/\/americanelogistics.com\/wp-content\/uploads\/2024\/06\/pexels-photo-932261-932261-1024x681.jpg 1024w, https:\/\/americanelogistics.com\/wp-content\/uploads\/2024\/06\/pexels-photo-932261-932261-768x511.jpg 768w, https:\/\/americanelogistics.com\/wp-content\/uploads\/2024\/06\/pexels-photo-932261-932261-600x399.jpg 600w\" sizes=\"(max-width: 1280px) 100vw, 1280px\" \/><\/a><\/figure><div class=\"elementor-image-box-content\"><h3 class=\"elementor-image-box-title\"><a href=\"https:\/\/americanelogistics.com\/blog\/navigating-cross-border-fulfillment-with-american-e-logistics-empowering-merchants-in-china-south-korea-and-japan\/\">Navigare nell'evasione transfrontaliera con l'e-Logistics americana: <\/a><\/h3><p class=\"elementor-image-box-description\">Dare potere ai commercianti in Cina, Corea del Sud e Giappone<\/p><\/div><\/div>\t\t\t\t<\/div>\n\t\t\t\t<\/div>\n\t\t\t\t<div class=\"elementor-element elementor-element-adceb78 elementor-position-top elementor-widget elementor-widget-image-box\" data-id=\"adceb78\" data-element_type=\"widget\" data-e-type=\"widget\" data-widget_type=\"image-box.default\">\n\t\t\t\t<div class=\"elementor-widget-container\">\n\t\t\t\t\t<div class=\"elementor-image-box-wrapper\"><figure class=\"elementor-image-box-img\"><img decoding=\"async\" src=\"https:\/\/americanelogistics.com\/wp-content\/plugins\/elementor\/assets\/images\/placeholder.png\" title=\"\" alt=\"\" loading=\"lazy\"><\/figure><div class=\"elementor-image-box-content\"><h3 class=\"elementor-image-box-title\">Questa \u00e8 l'intestazione<\/h3><p class=\"elementor-image-box-description\">Lorem ipsum dolor sit amet, consectetur adipiscing elit. Ut elit tellus, luctus nec ullamcorper mattis, pulvinar dapibus leo.<\/p><\/div><\/div>\t\t\t\t<\/div>\n\t\t\t\t<\/div>\n\t\t\t\t<div class=\"elementor-element elementor-element-1c2f719 elementor-position-top elementor-widget elementor-widget-image-box\" data-id=\"1c2f719\" data-element_type=\"widget\" data-e-type=\"widget\" data-widget_type=\"image-box.default\">\n\t\t\t\t<div class=\"elementor-widget-container\">\n\t\t\t\t\t<div class=\"elementor-image-box-wrapper\"><figure class=\"elementor-image-box-img\"><img decoding=\"async\" src=\"https:\/\/americanelogistics.com\/wp-content\/plugins\/elementor\/assets\/images\/placeholder.png\" title=\"\" alt=\"\" loading=\"lazy\"><\/figure><div class=\"elementor-image-box-content\"><h3 class=\"elementor-image-box-title\">Questa \u00e8 l'intestazione<\/h3><p class=\"elementor-image-box-description\">Lorem ipsum dolor sit amet, consectetur adipiscing elit. Ut elit tellus, luctus nec ullamcorper mattis, pulvinar dapibus leo.<\/p><\/div><\/div>\t\t\t\t<\/div>\n\t\t\t\t<\/div>\n\t\t\t\t<div class=\"elementor-element elementor-element-46111be elementor-position-top elementor-widget elementor-widget-image-box\" data-id=\"46111be\" data-element_type=\"widget\" data-e-type=\"widget\" data-widget_type=\"image-box.default\">\n\t\t\t\t<div class=\"elementor-widget-container\">\n\t\t\t\t\t<div class=\"elementor-image-box-wrapper\"><figure class=\"elementor-image-box-img\"><img decoding=\"async\" src=\"https:\/\/americanelogistics.com\/wp-content\/plugins\/elementor\/assets\/images\/placeholder.png\" title=\"\" alt=\"\" loading=\"lazy\"><\/figure><div class=\"elementor-image-box-content\"><h3 class=\"elementor-image-box-title\">Questa \u00e8 l'intestazione<\/h3><p class=\"elementor-image-box-description\">Lorem ipsum dolor sit amet, consectetur adipiscing elit. Ut elit tellus, luctus nec ullamcorper mattis, pulvinar dapibus leo.<\/p><\/div><\/div>\t\t\t\t<\/div>\n\t\t\t\t<\/div>\n\t\t\t\t<\/div>\n\t\t\t\t\t<\/div>\n\t\t\t\t<\/div>\n\t\t\t\t<section class=\"elementor-section elementor-top-section elementor-element elementor-element-ded3f28 elementor-section-boxed elementor-section-height-default elementor-section-height-default wpr-equal-height-no\" data-id=\"ded3f28\" data-element_type=\"section\" data-e-type=\"section\" data-settings=\"{&quot;_ha_eqh_enable&quot;:false}\">\n\t\t\t\t\t\t<div class=\"elementor-container elementor-column-gap-no\">\n\t\t\t\t\t<div class=\"elementor-column elementor-col-100 elementor-top-column elementor-element elementor-element-c474cde\" data-id=\"c474cde\" data-element_type=\"column\" data-e-type=\"column\">\n\t\t\t<div class=\"elementor-widget-wrap\">\n\t\t\t\t\t\t\t<\/div>\n\t\t<\/div>\n\t\t\t\t\t<\/div>\n\t\t<\/section>\n\t\t\t\t<section class=\"elementor-section elementor-top-section elementor-element elementor-element-7d8a4d6 elementor-section-boxed elementor-section-height-default elementor-section-height-default wpr-equal-height-no\" data-id=\"7d8a4d6\" data-element_type=\"section\" data-e-type=\"section\" data-settings=\"{&quot;background_background&quot;:&quot;classic&quot;,&quot;_ha_eqh_enable&quot;:false}\">\n\t\t\t\t\t\t\t<div class=\"elementor-background-overlay\"><\/div>\n\t\t\t\t\t\t\t<div class=\"elementor-container elementor-column-gap-no\">\n\t\t\t\t\t<div class=\"elementor-column elementor-col-100 elementor-top-column elementor-element elementor-element-8f5f0ab\" data-id=\"8f5f0ab\" data-element_type=\"column\" data-e-type=\"column\">\n\t\t\t<div class=\"elementor-widget-wrap\">\n\t\t\t\t\t\t\t<\/div>\n\t\t<\/div>\n\t\t\t\t\t<\/div>\n\t\t<\/section>\n\t\t\t\t<\/div>\n\t\t","protected":false},"excerpt":{"rendered":"<p>Approfondimenti AEL Pagina del blog per domande e risposte sui servizi, caratteristiche, approfondimenti e altro ancora. American eLogistics \u00e8 un partner fidato e affidabile per i commercianti europei che desiderano espandere la propria attivit\u00e0 e raggiungere nuovi mercati attraverso il programma Amazon Global Seller. Grazie ad anni di esperienza e competenza nel settore della logistica,<\/p>\n","protected":false},"author":2,"featured_media":0,"parent":0,"menu_order":0,"comment_status":"closed","ping_status":"closed","template":"","meta":{"content-type":"","inline_featured_image":false,"_uag_custom_page_level_css":"","site-sidebar-layout":"no-sidebar","site-content-layout":"page-builder","ast-site-content-layout":"full-width-container","site-content-style":"unboxed","site-sidebar-style":"unboxed","ast-global-header-display":"","ast-banner-title-visibility":"","ast-main-header-display":"","ast-hfb-above-header-display":"","ast-hfb-below-header-display":"","ast-hfb-mobile-header-display":"","site-post-title":"disabled","ast-breadcrumbs-content":"","ast-featured-img":"disabled","footer-sml-layout":"","ast-disable-related-posts":"","theme-transparent-header-meta":"enabled","adv-header-id-meta":"","stick-header-meta":"","header-above-stick-meta":"","header-main-stick-meta":"","header-below-stick-meta":"","astra-migrate-meta-layouts":"default","ast-page-background-enabled":"default","ast-page-background-meta":{"desktop":{"background-color":"","background-image":"","background-repeat":"repeat","background-position":"center center","background-size":"auto","background-attachment":"scroll","background-type":"","background-media":"","overlay-type":"","overlay-color":"","overlay-opacity":"","overlay-gradient":""},"tablet":{"background-color":"","background-image":"","background-repeat":"repeat","background-position":"center center","background-size":"auto","background-attachment":"scroll","background-type":"","background-media":"","overlay-type":"","overlay-color":"","overlay-opacity":"","overlay-gradient":""},"mobile":{"background-color":"","background-image":"","background-repeat":"repeat","background-position":"center center","background-size":"auto","background-attachment":"scroll","background-type":"","background-media":"","overlay-type":"","overlay-color":"","overlay-opacity":"","overlay-gradient":""}},"ast-content-background-meta":{"desktop":{"background-color":"var(--ast-global-color-5)","background-image":"","background-repeat":"repeat","background-position":"center center","background-size":"auto","background-attachment":"scroll","background-type":"","background-media":"","overlay-type":"","overlay-color":"","overlay-opacity":"","overlay-gradient":""},"tablet":{"background-color":"var(--ast-global-color-5)","background-image":"","background-repeat":"repeat","background-position":"center center","background-size":"auto","background-attachment":"scroll","background-type":"","background-media":"","overlay-type":"","overlay-color":"","overlay-opacity":"","overlay-gradient":""},"mobile":{"background-color":"var(--ast-global-color-5)","background-image":"","background-repeat":"repeat","background-position":"center center","background-size":"auto","background-attachment":"scroll","background-type":"","background-media":"","overlay-type":"","overlay-color":"","overlay-opacity":"","overlay-gradient":""}},"footnotes":""},"class_list":["post-2882","page","type-page","status-publish","hentry"],"uagb_featured_image_src":{"full":false,"thumbnail":false,"medium":false,"medium_large":false,"large":false,"1536x1536":false,"2048x2048":false,"tenweb_optimizer_mobile":false,"tenweb_optimizer_tablet":false,"gform-image-choice-sm":false,"gform-image-choice-md":false,"gform-image-choice-lg":false,"mailpoet_newsletter_max":false,"woocommerce_thumbnail":false,"woocommerce_single":false,"woocommerce_gallery_thumbnail":false},"uagb_author_info":{"display_name":false,"author_link":"https:\/\/americanelogistics.com\/it\/author\/aebox\/"},"uagb_comment_info":0,"uagb_excerpt":"Approfondimenti AEL Pagina del blog per domande e risposte sui servizi, caratteristiche, approfondimenti e altro ancora. American eLogistics \u00e8 un partner fidato e affidabile per i commercianti europei che desiderano espandere la propria attivit\u00e0 e raggiungere nuovi mercati attraverso il programma Amazon Global Seller. Grazie ad anni di esperienza e competenza nel settore della logistica,","jetpack_sharing_enabled":true,"_links":{"self":[{"href":"https:\/\/americanelogistics.com\/it\/wp-json\/wp\/v2\/pages\/2882","targetHints":{"allow":["GET"]}}],"collection":[{"href":"https:\/\/americanelogistics.com\/it\/wp-json\/wp\/v2\/pages"}],"about":[{"href":"https:\/\/americanelogistics.com\/it\/wp-json\/wp\/v2\/types\/page"}],"author":[{"embeddable":true,"href":"https:\/\/americanelogistics.com\/it\/wp-json\/wp\/v2\/users\/2"}],"replies":[{"embeddable":true,"href":"https:\/\/americanelogistics.com\/it\/wp-json\/wp\/v2\/comments?post=2882"}],"version-history":[{"count":0,"href":"https:\/\/americanelogistics.com\/it\/wp-json\/wp\/v2\/pages\/2882\/revisions"}],"wp:attachment":[{"href":"https:\/\/americanelogistics.com\/it\/wp-json\/wp\/v2\/media?parent=2882"}],"curies":[{"name":"wp","href":"https:\/\/api.w.org\/{rel}","templated":true}]}}