{"id":2958,"date":"2024-01-09T20:30:05","date_gmt":"2024-01-09T20:30:05","guid":{"rendered":"https:\/\/americanelogistics.com\/product\/standard\/"},"modified":"2024-01-09T20:30:05","modified_gmt":"2024-01-09T20:30:05","slug":"standard","status":"publish","type":"product","link":"https:\/\/americanelogistics.com\/fr\/produit\/standard\/","title":{"rendered":"STANDARD"},"content":{"rendered":"<div class=\"elementor-element elementor-element-a10cc8b elementor-widget elementor-widget-text-editor\" data-id=\"a10cc8b\" data-element_type=\"widget\" data-widget_type=\"text-editor.default\">\n<div class=\"elementor-widget-container\">\n<p>Con\u00e7u pour les commer\u00e7ants internationaux qui ont besoin d&#8217;un fournisseur de services local et de solutions de retour rentables \u00e0 des tarifs avantageux.<\/p>\n<\/div>\n<\/div>\n<div class=\"elementor-element elementor-element-8bdedb4 elementor-icon-list--layout-traditional elementor-list-item-link-full_width elementor-widget elementor-widget-icon-list\" data-id=\"8bdedb4\" data-element_type=\"widget\" data-widget_type=\"icon-list.default\">\n<div class=\"elementor-widget-container\">\n<ul class=\"elementor-icon-list-items\">\n<li class=\"elementor-icon-list-item\"><i class=\"fas fa-check-circle\" aria-hidden=\"true\"><\/i><span class=\"elementor-icon-list-text\">G\u00e9n\u00e9rer des \u00e9tiquettes de retour<\/span><\/li>\n<li class=\"elementor-icon-list-item\"><i class=\"fas fa-check-circle\" aria-hidden=\"true\"><\/i><span class=\"elementor-icon-list-text\">Re\u00e7us d&#8217;entrep\u00f4t<\/span><\/li>\n<li class=\"elementor-icon-list-item\"><i class=\"fas fa-check-circle\" aria-hidden=\"true\"><\/i><span class=\"elementor-icon-list-text\">Inspections de retour<\/span><\/li>\n<li class=\"elementor-icon-list-item\"><i class=\"fas fa-check-circle\" aria-hidden=\"true\"><\/i><span class=\"elementor-icon-list-text\">Envois mensuels automatis\u00e9s<\/span><\/li>\n<li class=\"elementor-icon-list-item\"><i class=\"fas fa-check-circle\" aria-hidden=\"true\"><\/i><span class=\"elementor-icon-list-text\">Exportations consolid\u00e9es<\/span><\/li>\n<li class=\"elementor-icon-list-item\"><i class=\"fas fa-check-circle\" aria-hidden=\"true\"><\/i><span class=\"elementor-icon-list-text\">60% de r\u00e9duction sur les frais de port<\/span><\/li>\n<\/ul>\n<\/div>\n<\/div>\n<div class=\"elementor-element elementor-element-3b571ab elementor-icon-list--layout-traditional elementor-list-item-link-full_width elementor-widget elementor-widget-icon-list\" data-id=\"3b571ab\" data-element_type=\"widget\" data-widget_type=\"icon-list.default\">\n<div class=\"elementor-widget-container\">\n<ul class=\"elementor-icon-list-items\">\n<li class=\"elementor-icon-list-item\"><i class=\"fas fa-check-circle\" aria-hidden=\"true\"><\/i><span class=\"elementor-icon-list-text\"><s>Service client\u00e8le<\/s><\/span><\/li>\n<li class=\"elementor-icon-list-item\"><i class=\"fas fa-check-circle\" aria-hidden=\"true\"><\/i><span class=\"elementor-icon-list-text\"><s>Reconditionnement et consolidation<\/s><\/span><\/li>\n<\/ul>\n<\/div>\n<\/div>\n","protected":false},"excerpt":{"rendered":"<p>Con\u00e7u pour les commer\u00e7ants internationaux qui ont besoin d&#8217;un fournisseur de services local et de solutions de retour rentables \u00e0 des tarifs avantageux.<\/p>\n","protected":false},"featured_media":2247,"template":"","meta":{"content-type":"","inline_featured_image":false,"_uag_custom_page_level_css":"","site-sidebar-layout":"default","site-content-layout":"","ast-site-content-layout":"default","site-content-style":"default","site-sidebar-style":"default","ast-global-header-display":"","ast-banner-title-visibility":"","ast-main-header-display":"","ast-hfb-above-header-display":"","ast-hfb-below-header-display":"","ast-hfb-mobile-header-display":"","site-post-title":"","ast-breadcrumbs-content":"","ast-featured-img":"","footer-sml-layout":"","ast-disable-related-posts":"","theme-transparent-header-meta":"default","adv-header-id-meta":"","stick-header-meta":"","header-above-stick-meta":"","header-main-stick-meta":"","header-below-stick-meta":"","astra-migrate-meta-layouts":"default","ast-page-background-enabled":"default","ast-page-background-meta":{"desktop":{"background-color":"","background-image":"","background-repeat":"repeat","background-position":"center center","background-size":"auto","background-attachment":"scroll","background-type":"","background-media":"","overlay-type":"","overlay-color":"","overlay-opacity":"","overlay-gradient":""},"tablet":{"background-color":"","background-image":"","background-repeat":"repeat","background-position":"center center","background-size":"auto","background-attachment":"scroll","background-type":"","background-media":"","overlay-type":"","overlay-color":"","overlay-opacity":"","overlay-gradient":""},"mobile":{"background-color":"","background-image":"","background-repeat":"repeat","background-position":"center center","background-size":"auto","background-attachment":"scroll","background-type":"","background-media":"","overlay-type":"","overlay-color":"","overlay-opacity":"","overlay-gradient":""}},"ast-content-background-meta":{"desktop":{"background-color":"var(--ast-global-color-5)","background-image":"","background-repeat":"repeat","background-position":"center center","background-size":"auto","background-attachment":"scroll","background-type":"","background-media":"","overlay-type":"","overlay-color":"","overlay-opacity":"","overlay-gradient":""},"tablet":{"background-color":"var(--ast-global-color-5)","background-image":"","background-repeat":"repeat","background-position":"center center","background-size":"auto","background-attachment":"scroll","background-type":"","background-media":"","overlay-type":"","overlay-color":"","overlay-opacity":"","overlay-gradient":""},"mobile":{"background-color":"var(--ast-global-color-5)","background-image":"","background-repeat":"repeat","background-position":"center center","background-size":"auto","background-attachment":"scroll","background-type":"","background-media":"","overlay-type":"","overlay-color":"","overlay-opacity":"","overlay-gradient":""}}},"product_brand":[],"product_cat":[104],"product_tag":[107,106,109,105,108],"class_list":{"0":"post-2958","1":"product","2":"type-product","3":"status-publish","4":"has-post-thumbnail","6":"product_cat-abonnement","7":"product_tag-gestion-des-retours-dans-le-commerce-electronique","8":"product_tag-gestion-des-retours-ebay","9":"product_tag-gestion-des-retours-walmart","10":"product_tag-plan-de-base-pour-les-retours-internationaux-damazon","11":"product_tag-solutions-de-gestion-des-retours-de-rakuten-international","12":"desktop-align-left","13":"tablet-align-left","14":"mobile-align-left","16":"first","17":"instock","18":"shipping-taxable","19":"purchasable","20":"product-type-subscription"},"uagb_featured_image_src":{"full":["https:\/\/americanelogistics.com\/wp-content\/uploads\/2023\/09\/magaya-mobile-4.1.png",534,950,false],"thumbnail":["https:\/\/americanelogistics.com\/wp-content\/uploads\/2023\/09\/magaya-mobile-4.1-150x150.png",150,150,true],"medium":["https:\/\/americanelogistics.com\/wp-content\/uploads\/2023\/09\/magaya-mobile-4.1-169x300.png",169,300,true],"medium_large":["https:\/\/americanelogistics.com\/wp-content\/uploads\/2023\/09\/magaya-mobile-4.1.png",534,950,false],"large":["https:\/\/americanelogistics.com\/wp-content\/uploads\/2023\/09\/magaya-mobile-4.1.png",534,950,false],"1536x1536":["https:\/\/americanelogistics.com\/wp-content\/uploads\/2023\/09\/magaya-mobile-4.1.png",534,950,false],"2048x2048":["https:\/\/americanelogistics.com\/wp-content\/uploads\/2023\/09\/magaya-mobile-4.1.png",534,950,false],"tenweb_optimizer_mobile":["https:\/\/americanelogistics.com\/wp-content\/uploads\/2023\/09\/magaya-mobile-4.1-337x600.png",337,600,true],"tenweb_optimizer_tablet":["https:\/\/americanelogistics.com\/wp-content\/uploads\/2023\/09\/magaya-mobile-4.1.png",534,950,false],"gform-image-choice-sm":["https:\/\/americanelogistics.com\/wp-content\/uploads\/2023\/09\/magaya-mobile-4.1.png",169,300,false],"gform-image-choice-md":["https:\/\/americanelogistics.com\/wp-content\/uploads\/2023\/09\/magaya-mobile-4.1.png",225,400,false],"gform-image-choice-lg":["https:\/\/americanelogistics.com\/wp-content\/uploads\/2023\/09\/magaya-mobile-4.1.png",337,600,false],"mailpoet_newsletter_max":["https:\/\/americanelogistics.com\/wp-content\/uploads\/2023\/09\/magaya-mobile-4.1.png",534,950,false],"woocommerce_thumbnail":["https:\/\/americanelogistics.com\/wp-content\/uploads\/2023\/09\/magaya-mobile-4.1-300x300.png",300,300,true],"woocommerce_single":["https:\/\/americanelogistics.com\/wp-content\/uploads\/2023\/09\/magaya-mobile-4.1.png",534,950,false],"woocommerce_gallery_thumbnail":["https:\/\/americanelogistics.com\/wp-content\/uploads\/2023\/09\/magaya-mobile-4.1-100x100.png",100,100,true]},"uagb_author_info":{"display_name":false,"author_link":"https:\/\/americanelogistics.com\/fr\/author\/"},"uagb_comment_info":0,"uagb_excerpt":"Con\u00e7u pour les commer\u00e7ants internationaux qui ont besoin d'un fournisseur de services local et de solutions de retour rentables \u00e0 des tarifs avantageux.","jetpack_sharing_enabled":true,"_links":{"self":[{"href":"https:\/\/americanelogistics.com\/fr\/wp-json\/wp\/v2\/product\/2958","targetHints":{"allow":["GET"]}}],"collection":[{"href":"https:\/\/americanelogistics.com\/fr\/wp-json\/wp\/v2\/product"}],"about":[{"href":"https:\/\/americanelogistics.com\/fr\/wp-json\/wp\/v2\/types\/product"}],"wp:featuredmedia":[{"embeddable":true,"href":"https:\/\/americanelogistics.com\/fr\/wp-json\/wp\/v2\/media\/2247"}],"wp:attachment":[{"href":"https:\/\/americanelogistics.com\/fr\/wp-json\/wp\/v2\/media?parent=2958"}],"wp:term":[{"taxonomy":"product_brand","embeddable":true,"href":"https:\/\/americanelogistics.com\/fr\/wp-json\/wp\/v2\/product_brand?post=2958"},{"taxonomy":"product_cat","embeddable":true,"href":"https:\/\/americanelogistics.com\/fr\/wp-json\/wp\/v2\/product_cat?post=2958"},{"taxonomy":"product_tag","embeddable":true,"href":"https:\/\/americanelogistics.com\/fr\/wp-json\/wp\/v2\/product_tag?post=2958"}],"curies":[{"name":"wp","href":"https:\/\/api.w.org\/{rel}","templated":true}]}}