{"id":2876,"date":"2024-05-12T22:32:16","date_gmt":"2024-05-12T22:32:16","guid":{"rendered":"https:\/\/americanelogistics.com\/blog\/"},"modified":"2024-06-24T14:27:35","modified_gmt":"2024-06-24T14:27:35","slug":"blog","status":"publish","type":"page","link":"https:\/\/americanelogistics.com\/fr\/blog\/","title":{"rendered":"Blog"},"content":{"rendered":"\t\t<div data-elementor-type=\"wp-page\" data-elementor-id=\"2876\" class=\"elementor elementor-2876 elementor-997\" data-elementor-settings=\"{&quot;ha_cmc_init_switcher&quot;:&quot;no&quot;}\" data-elementor-post-type=\"page\">\n\t\t\t\t\t\t<section class=\"elementor-section elementor-top-section elementor-element elementor-element-4c3b02e elementor-section-content-middle elementor-section-boxed elementor-section-height-default elementor-section-height-default wpr-equal-height-no\" data-id=\"4c3b02e\" data-element_type=\"section\" data-e-type=\"section\" data-settings=\"{&quot;background_background&quot;:&quot;classic&quot;,&quot;_ha_eqh_enable&quot;:false}\">\n\t\t\t\t\t\t\t<div class=\"elementor-background-overlay\"><\/div>\n\t\t\t\t\t\t\t<div class=\"elementor-container elementor-column-gap-no\">\n\t\t\t\t\t<div class=\"elementor-column elementor-col-50 elementor-top-column elementor-element elementor-element-d342da2\" data-id=\"d342da2\" data-element_type=\"column\" data-e-type=\"column\">\n\t\t\t<div class=\"elementor-widget-wrap elementor-element-populated\">\n\t\t\t\t\t\t<div class=\"elementor-element elementor-element-b0f3a91 elementor-widget elementor-widget-heading\" data-id=\"b0f3a91\" data-element_type=\"widget\" data-e-type=\"widget\" data-widget_type=\"heading.default\">\n\t\t\t\t<div class=\"elementor-widget-container\">\n\t\t\t\t\t<h1 class=\"elementor-heading-title elementor-size-default\">Points de vue d'AEL<\/h1>\t\t\t\t<\/div>\n\t\t\t\t<\/div>\n\t\t\t\t<div class=\"elementor-element elementor-element-4a1622d elementor-widget elementor-widget-text-editor\" data-id=\"4a1622d\" data-element_type=\"widget\" data-e-type=\"widget\" data-widget_type=\"text-editor.default\">\n\t\t\t\t<div class=\"elementor-widget-container\">\n\t\t\t\t\t\t\t\t\t<p>Page du blog pour les questions et r\u00e9ponses sur les services, les caract\u00e9ristiques, les id\u00e9es et plus encore.<\/p>\n\t\t\t\t\t\t\t\t<\/div>\n\t\t\t\t<\/div>\n\t\t\t\t\t<\/div>\n\t\t<\/div>\n\t\t\t\t<div class=\"elementor-column elementor-col-50 elementor-top-column elementor-element elementor-element-5048e59\" data-id=\"5048e59\" data-element_type=\"column\" data-e-type=\"column\">\n\t\t\t<div class=\"elementor-widget-wrap elementor-element-populated\">\n\t\t\t\t\t\t<div class=\"elementor-element elementor-element-2af2700 elementor-widget elementor-widget-image\" data-id=\"2af2700\" data-element_type=\"widget\" data-e-type=\"widget\" data-widget_type=\"image.default\">\n\t\t\t\t<div class=\"elementor-widget-container\">\n\t\t\t\t\t\t\t\t\t\t\t\t\t\t\t<img fetchpriority=\"high\" decoding=\"async\" width=\"2000\" height=\"1772\" src=\"https:\/\/americanelogistics.com\/wp-content\/uploads\/2024\/05\/blog-blogging-homepage-social-media-network-concept.jpg\" class=\"attachment-full size-full wp-image-1000\" alt=\"Blog Blogging Homepage Social Media Network Concept\" srcset=\"https:\/\/americanelogistics.com\/wp-content\/uploads\/2024\/05\/blog-blogging-homepage-social-media-network-concept.jpg 2000w, https:\/\/americanelogistics.com\/wp-content\/uploads\/2024\/05\/blog-blogging-homepage-social-media-network-concept-600x532.jpg 600w, https:\/\/americanelogistics.com\/wp-content\/uploads\/2024\/05\/blog-blogging-homepage-social-media-network-concept-300x266.jpg 300w, https:\/\/americanelogistics.com\/wp-content\/uploads\/2024\/05\/blog-blogging-homepage-social-media-network-concept-1024x907.jpg 1024w, https:\/\/americanelogistics.com\/wp-content\/uploads\/2024\/05\/blog-blogging-homepage-social-media-network-concept-768x680.jpg 768w, https:\/\/americanelogistics.com\/wp-content\/uploads\/2024\/05\/blog-blogging-homepage-social-media-network-concept-1536x1361.jpg 1536w, https:\/\/americanelogistics.com\/wp-content\/uploads\/2024\/05\/blog-blogging-homepage-social-media-network-concept-1320x1170.jpg 1320w\" sizes=\"(max-width: 2000px) 100vw, 2000px\" title=\"\">\t\t\t\t\t\t\t\t\t\t\t\t\t\t\t<\/div>\n\t\t\t\t<\/div>\n\t\t\t\t\t<\/div>\n\t\t<\/div>\n\t\t\t\t\t<\/div>\n\t\t<\/section>\n\t\t<div class=\"elementor-element elementor-element-b84e4d7 e-flex e-con-boxed wpr-equal-height-no e-con e-parent\" data-id=\"b84e4d7\" data-element_type=\"container\" data-e-type=\"container\" data-settings=\"{&quot;_ha_eqh_enable&quot;:false}\">\n\t\t\t\t\t<div class=\"e-con-inner\">\n\t\t\t\t<div class=\"elementor-element elementor-element-6b597e5 elementor-widget-divider--view-line elementor-widget elementor-widget-divider\" data-id=\"6b597e5\" data-element_type=\"widget\" data-e-type=\"widget\" data-widget_type=\"divider.default\">\n\t\t\t\t<div class=\"elementor-widget-container\">\n\t\t\t\t\t\t\t<div class=\"elementor-divider\">\n\t\t\t<span class=\"elementor-divider-separator\">\n\t\t\t\t\t\t<\/span>\n\t\t<\/div>\n\t\t\t\t\t\t<\/div>\n\t\t\t\t<\/div>\n\t\t\t\t\t<\/div>\n\t\t\t\t<\/div>\n\t\t<div class=\"elementor-element elementor-element-ba2a0ff e-flex e-con-boxed wpr-equal-height-no e-con e-parent\" data-id=\"ba2a0ff\" data-element_type=\"container\" data-e-type=\"container\" data-settings=\"{&quot;_ha_eqh_enable&quot;:false}\">\n\t\t\t\t\t<div class=\"e-con-inner\">\n\t\t<div class=\"elementor-element elementor-element-91199d1 e-con-full e-flex wpr-equal-height-no e-con e-child\" data-id=\"91199d1\" data-element_type=\"container\" data-e-type=\"container\" data-settings=\"{&quot;_ha_eqh_enable&quot;:false}\">\n\t\t\t\t<div class=\"elementor-element elementor-element-9748c69 elementor-widget elementor-widget-text-editor\" data-id=\"9748c69\" data-element_type=\"widget\" data-e-type=\"widget\" data-widget_type=\"text-editor.default\">\n\t\t\t\t<div class=\"elementor-widget-container\">\n\t\t\t\t\t\t\t\t\t<p><strong>American eLogistics <\/strong> est un partenaire fiable et de confiance pour les commer\u00e7ants europ\u00e9ens qui cherchent \u00e0 d\u00e9velopper leurs activit\u00e9s et \u00e0 atteindre de nouveaux march\u00e9s par le biais du programme Amazon Global Seller. Forts de nos ann\u00e9es d&#8217;exp\u00e9rience et d&#8217;expertise dans le secteur de la logistique, nous avons d\u00e9velopp\u00e9 une gamme de solutions efficaces sp\u00e9cialement con\u00e7ues pour aider les commer\u00e7ants europ\u00e9ens \u00e0 surmonter les d\u00e9fis uniques auxquels ils sont confront\u00e9s lorsqu&#8217;ils vendent leurs produits aux \u00c9tats-Unis.<\/p>\n<p>L&#8217;un des principaux avantages de travailler avec American eLogistics est notre capacit\u00e9 \u00e0 garantir la conformit\u00e9 avec les r\u00e9glementations et exigences complexes qui r\u00e9gissent le commerce \u00e9lectronique transfrontalier. Notre \u00e9quipe d&#8217;experts d\u00e9vou\u00e9s conna\u00eet parfaitement tous les aspects des r\u00e9glementations douani\u00e8res et d&#8217;importation des \u00c9tats-Unis, ainsi que les diverses r\u00e8gles et r\u00e9glementations qui r\u00e9gissent la vente de marchandises sur Amazon. Cela signifie que nous pouvons aider les commer\u00e7ants europ\u00e9ens \u00e0 naviguer dans ces processus souvent d\u00e9routants et difficiles, en veillant \u00e0 ce que leurs exp\u00e9ditions se d\u00e9roulent sans heurts et efficacement tout au long de la cha\u00eene d&#8217;approvisionnement.<\/p>\n<p>Outre son expertise en mati\u00e8re de conformit\u00e9, American eLogistics s&#8217;engage \u00e9galement \u00e0 aider les commer\u00e7ants europ\u00e9ens \u00e0 r\u00e9duire leurs co\u00fbts op\u00e9rationnels et \u00e0 rationaliser leurs processus logistiques. Nous offrons une gamme de solutions rentables et efficaces qui peuvent aider les commer\u00e7ants \u00e0 \u00e9conomiser du temps et de l&#8217;argent, leur permettant de se concentrer sur le d\u00e9veloppement de leurs activit\u00e9s et l&#8217;augmentation de leurs b\u00e9n\u00e9fices. De la gestion des stocks \u00e0 l&#8217;ex\u00e9cution des commandes, en passant par le traitement des retours et le service client\u00e8le, nous disposons des outils et des ressources n\u00e9cessaires pour aider les commer\u00e7ants europ\u00e9ens \u00e0 r\u00e9ussir sur le march\u00e9 concurrentiel des \u00c9tats-Unis.<\/p>\n<p>Enfin, American eLogistics est \u00e9galement le choix privil\u00e9gi\u00e9 pour la gestion des retours nationaux am\u00e9ricains. Notre syst\u00e8me avanc\u00e9 de gestion des retours est con\u00e7u pour rendre le processus de retour aussi facile et indolore que possible, tant pour les commer\u00e7ants que pour les clients, afin que tous soient satisfaits du r\u00e9sultat. Nous travaillons en \u00e9troite collaboration avec les commer\u00e7ants pour \u00e9laborer des politiques de retour personnalis\u00e9es, adapt\u00e9es \u00e0 leurs besoins et exigences sp\u00e9cifiques, et nous sommes toujours disponibles pour fournir des conseils d&#8217;experts et des orientations \u00e0 chaque fois que cela est n\u00e9cessaire.<\/p>\n<p>Dans l&#8217;ensemble, American eLogistics est le partenaire id\u00e9al pour les commer\u00e7ants europ\u00e9ens qui souhaitent vendre leurs produits sur Amazon et d&#8217;autres places de march\u00e9 am\u00e9ricaines. Gr\u00e2ce \u00e0 notre vaste exp\u00e9rience, \u00e0 notre engagement en mati\u00e8re de conformit\u00e9 et d&#8217;efficacit\u00e9 et \u00e0 notre souci de satisfaire nos clients, nous sommes convaincus que nous pouvons aider les commer\u00e7ants \u00e0 relever les d\u00e9fis du commerce \u00e9lectronique transfrontalier et \u00e0 atteindre leurs objectifs commerciaux.<\/p>\n\t\t\t\t\t\t\t\t<\/div>\n\t\t\t\t<\/div>\n\t\t\t\t<\/div>\n\t\t<div class=\"elementor-element elementor-element-f40b3db e-con-full e-flex wpr-equal-height-no e-con e-child\" data-id=\"f40b3db\" data-element_type=\"container\" data-e-type=\"container\" data-settings=\"{&quot;_ha_eqh_enable&quot;:false}\">\n\t\t\t\t<div class=\"elementor-element elementor-element-c1c79fa elementor-position-top elementor-widget elementor-widget-image-box\" data-id=\"c1c79fa\" data-element_type=\"widget\" data-e-type=\"widget\" data-widget_type=\"image-box.default\">\n\t\t\t\t<div class=\"elementor-widget-container\">\n\t\t\t\t\t<div class=\"elementor-image-box-wrapper\"><figure class=\"elementor-image-box-img\"><a href=\"https:\/\/americanelogistics.com\/fr\/service-de-retour-international-damazon\/rationalisation-des-retours-aux-etats-unis-pour-les-vendeurs-europeens-damazon\/\" tabindex=\"-1\"><img decoding=\"async\" width=\"2000\" height=\"1333\" src=\"https:\/\/americanelogistics.com\/wp-content\/uploads\/2024\/05\/world-map-and-in-front-of-the-map-close-up-hand-holding-pushpin-choose-the-destination-.jpg\" class=\"attachment-full size-full wp-image-1006\" alt=\"U.S. Returns for European Amazon Sellers\" title=\"\" srcset=\"https:\/\/americanelogistics.com\/wp-content\/uploads\/2024\/05\/world-map-and-in-front-of-the-map-close-up-hand-holding-pushpin-choose-the-destination-.jpg 2000w, https:\/\/americanelogistics.com\/wp-content\/uploads\/2024\/05\/world-map-and-in-front-of-the-map-close-up-hand-holding-pushpin-choose-the-destination--600x400.jpg 600w, https:\/\/americanelogistics.com\/wp-content\/uploads\/2024\/05\/world-map-and-in-front-of-the-map-close-up-hand-holding-pushpin-choose-the-destination--300x200.jpg 300w, https:\/\/americanelogistics.com\/wp-content\/uploads\/2024\/05\/world-map-and-in-front-of-the-map-close-up-hand-holding-pushpin-choose-the-destination--1024x682.jpg 1024w, https:\/\/americanelogistics.com\/wp-content\/uploads\/2024\/05\/world-map-and-in-front-of-the-map-close-up-hand-holding-pushpin-choose-the-destination--768x512.jpg 768w, https:\/\/americanelogistics.com\/wp-content\/uploads\/2024\/05\/world-map-and-in-front-of-the-map-close-up-hand-holding-pushpin-choose-the-destination--1536x1024.jpg 1536w, https:\/\/americanelogistics.com\/wp-content\/uploads\/2024\/05\/world-map-and-in-front-of-the-map-close-up-hand-holding-pushpin-choose-the-destination--1320x880.jpg 1320w\" sizes=\"(max-width: 2000px) 100vw, 2000px\" \/><\/a><\/figure><div class=\"elementor-image-box-content\"><h3 class=\"elementor-image-box-title\"><a href=\"https:\/\/americanelogistics.com\/fr\/service-de-retour-international-damazon\/rationalisation-des-retours-aux-etats-unis-pour-les-vendeurs-europeens-damazon\/\">Rationalisation des retours aux \u00c9tats-Unis pour les vendeurs europ\u00e9ens d'Amazon<\/a><\/h3><p class=\"elementor-image-box-description\">American eLogistics est sp\u00e9cialis\u00e9e dans la simplification de ce processus, ce qui permet aux commer\u00e7ants europ\u00e9ens de g\u00e9rer efficacement leurs retours aux \u00c9tats-Unis et de rester en conformit\u00e9 avec les exigences locales d'Amazon en mati\u00e8re de service.<\/p><\/div><\/div>\t\t\t\t<\/div>\n\t\t\t\t<\/div>\n\t\t\t\t<div class=\"elementor-element elementor-element-29c1e19 elementor-position-top elementor-widget elementor-widget-image-box\" data-id=\"29c1e19\" data-element_type=\"widget\" data-e-type=\"widget\" data-widget_type=\"image-box.default\">\n\t\t\t\t<div class=\"elementor-widget-container\">\n\t\t\t\t\t<div class=\"elementor-image-box-wrapper\"><figure class=\"elementor-image-box-img\"><a href=\"https:\/\/americanelogistics.com\/blog\/navigating-cross-border-fulfillment-with-american-e-logistics-empowering-merchants-in-china-south-korea-and-japan\/\" tabindex=\"-1\"><img decoding=\"async\" width=\"1280\" height=\"851\" src=\"https:\/\/americanelogistics.com\/wp-content\/uploads\/2024\/06\/pexels-photo-932261-932261.jpg\" class=\"attachment-full size-full wp-image-2454\" alt=\"pexels-photo-932261-932261.jpg\" title=\"\" srcset=\"https:\/\/americanelogistics.com\/wp-content\/uploads\/2024\/06\/pexels-photo-932261-932261.jpg 1280w, https:\/\/americanelogistics.com\/wp-content\/uploads\/2024\/06\/pexels-photo-932261-932261-300x199.jpg 300w, https:\/\/americanelogistics.com\/wp-content\/uploads\/2024\/06\/pexels-photo-932261-932261-1024x681.jpg 1024w, https:\/\/americanelogistics.com\/wp-content\/uploads\/2024\/06\/pexels-photo-932261-932261-768x511.jpg 768w, https:\/\/americanelogistics.com\/wp-content\/uploads\/2024\/06\/pexels-photo-932261-932261-600x399.jpg 600w\" sizes=\"(max-width: 1280px) 100vw, 1280px\" \/><\/a><\/figure><div class=\"elementor-image-box-content\"><h3 class=\"elementor-image-box-title\"><a href=\"https:\/\/americanelogistics.com\/blog\/navigating-cross-border-fulfillment-with-american-e-logistics-empowering-merchants-in-china-south-korea-and-japan\/\">Naviguer dans l'ex\u00e9cution transfrontali\u00e8re avec American e-Logistics : <\/a><\/h3><p class=\"elementor-image-box-description\">Donner du pouvoir aux commer\u00e7ants en Chine, en Cor\u00e9e du Sud et au Japon<\/p><\/div><\/div>\t\t\t\t<\/div>\n\t\t\t\t<\/div>\n\t\t\t\t<div class=\"elementor-element elementor-element-adceb78 elementor-position-top elementor-widget elementor-widget-image-box\" data-id=\"adceb78\" data-element_type=\"widget\" data-e-type=\"widget\" data-widget_type=\"image-box.default\">\n\t\t\t\t<div class=\"elementor-widget-container\">\n\t\t\t\t\t<div class=\"elementor-image-box-wrapper\"><figure class=\"elementor-image-box-img\"><img decoding=\"async\" src=\"https:\/\/americanelogistics.com\/wp-content\/plugins\/elementor\/assets\/images\/placeholder.png\" title=\"\" alt=\"\" loading=\"lazy\"><\/figure><div class=\"elementor-image-box-content\"><h3 class=\"elementor-image-box-title\">Voici l'intitul\u00e9<\/h3><p class=\"elementor-image-box-description\">Lorem ipsum dolor sit amet, consectetur adipiscing elit. Ut elit tellus, luctus nec ullamcorper mattis, pulvinar dapibus leo.<\/p><\/div><\/div>\t\t\t\t<\/div>\n\t\t\t\t<\/div>\n\t\t\t\t<div class=\"elementor-element elementor-element-1c2f719 elementor-position-top elementor-widget elementor-widget-image-box\" data-id=\"1c2f719\" data-element_type=\"widget\" data-e-type=\"widget\" data-widget_type=\"image-box.default\">\n\t\t\t\t<div class=\"elementor-widget-container\">\n\t\t\t\t\t<div class=\"elementor-image-box-wrapper\"><figure class=\"elementor-image-box-img\"><img decoding=\"async\" src=\"https:\/\/americanelogistics.com\/wp-content\/plugins\/elementor\/assets\/images\/placeholder.png\" title=\"\" alt=\"\" loading=\"lazy\"><\/figure><div class=\"elementor-image-box-content\"><h3 class=\"elementor-image-box-title\">Voici l'intitul\u00e9<\/h3><p class=\"elementor-image-box-description\">Lorem ipsum dolor sit amet, consectetur adipiscing elit. Ut elit tellus, luctus nec ullamcorper mattis, pulvinar dapibus leo.<\/p><\/div><\/div>\t\t\t\t<\/div>\n\t\t\t\t<\/div>\n\t\t\t\t<div class=\"elementor-element elementor-element-46111be elementor-position-top elementor-widget elementor-widget-image-box\" data-id=\"46111be\" data-element_type=\"widget\" data-e-type=\"widget\" data-widget_type=\"image-box.default\">\n\t\t\t\t<div class=\"elementor-widget-container\">\n\t\t\t\t\t<div class=\"elementor-image-box-wrapper\"><figure class=\"elementor-image-box-img\"><img decoding=\"async\" src=\"https:\/\/americanelogistics.com\/wp-content\/plugins\/elementor\/assets\/images\/placeholder.png\" title=\"\" alt=\"\" loading=\"lazy\"><\/figure><div class=\"elementor-image-box-content\"><h3 class=\"elementor-image-box-title\">Voici l'intitul\u00e9<\/h3><p class=\"elementor-image-box-description\">Lorem ipsum dolor sit amet, consectetur adipiscing elit. Ut elit tellus, luctus nec ullamcorper mattis, pulvinar dapibus leo.<\/p><\/div><\/div>\t\t\t\t<\/div>\n\t\t\t\t<\/div>\n\t\t\t\t<\/div>\n\t\t\t\t\t<\/div>\n\t\t\t\t<\/div>\n\t\t\t\t<section class=\"elementor-section elementor-top-section elementor-element elementor-element-ded3f28 elementor-section-boxed elementor-section-height-default elementor-section-height-default wpr-equal-height-no\" data-id=\"ded3f28\" data-element_type=\"section\" data-e-type=\"section\" data-settings=\"{&quot;_ha_eqh_enable&quot;:false}\">\n\t\t\t\t\t\t<div class=\"elementor-container elementor-column-gap-no\">\n\t\t\t\t\t<div class=\"elementor-column elementor-col-100 elementor-top-column elementor-element elementor-element-c474cde\" data-id=\"c474cde\" data-element_type=\"column\" data-e-type=\"column\">\n\t\t\t<div class=\"elementor-widget-wrap\">\n\t\t\t\t\t\t\t<\/div>\n\t\t<\/div>\n\t\t\t\t\t<\/div>\n\t\t<\/section>\n\t\t\t\t<section class=\"elementor-section elementor-top-section elementor-element elementor-element-7d8a4d6 elementor-section-boxed elementor-section-height-default elementor-section-height-default wpr-equal-height-no\" data-id=\"7d8a4d6\" data-element_type=\"section\" data-e-type=\"section\" data-settings=\"{&quot;background_background&quot;:&quot;classic&quot;,&quot;_ha_eqh_enable&quot;:false}\">\n\t\t\t\t\t\t\t<div class=\"elementor-background-overlay\"><\/div>\n\t\t\t\t\t\t\t<div class=\"elementor-container elementor-column-gap-no\">\n\t\t\t\t\t<div class=\"elementor-column elementor-col-100 elementor-top-column elementor-element elementor-element-8f5f0ab\" data-id=\"8f5f0ab\" data-element_type=\"column\" data-e-type=\"column\">\n\t\t\t<div class=\"elementor-widget-wrap\">\n\t\t\t\t\t\t\t<\/div>\n\t\t<\/div>\n\t\t\t\t\t<\/div>\n\t\t<\/section>\n\t\t\t\t<\/div>\n\t\t","protected":false},"excerpt":{"rendered":"<p>Points de vue d&#8217;AEL Page du blog pour les questions et r\u00e9ponses sur les services, les caract\u00e9ristiques, les id\u00e9es et plus encore. American eLogistics est un partenaire fiable et de confiance pour les commer\u00e7ants europ\u00e9ens qui cherchent \u00e0 d\u00e9velopper leurs activit\u00e9s et \u00e0 atteindre de nouveaux march\u00e9s par le biais du programme Amazon Global Seller.<\/p>\n","protected":false},"author":2,"featured_media":0,"parent":0,"menu_order":0,"comment_status":"closed","ping_status":"closed","template":"","meta":{"content-type":"","inline_featured_image":false,"_uag_custom_page_level_css":"","site-sidebar-layout":"no-sidebar","site-content-layout":"page-builder","ast-site-content-layout":"full-width-container","site-content-style":"unboxed","site-sidebar-style":"unboxed","ast-global-header-display":"","ast-banner-title-visibility":"","ast-main-header-display":"","ast-hfb-above-header-display":"","ast-hfb-below-header-display":"","ast-hfb-mobile-header-display":"","site-post-title":"disabled","ast-breadcrumbs-content":"","ast-featured-img":"disabled","footer-sml-layout":"","ast-disable-related-posts":"","theme-transparent-header-meta":"enabled","adv-header-id-meta":"","stick-header-meta":"","header-above-stick-meta":"","header-main-stick-meta":"","header-below-stick-meta":"","astra-migrate-meta-layouts":"default","ast-page-background-enabled":"default","ast-page-background-meta":{"desktop":{"background-color":"","background-image":"","background-repeat":"repeat","background-position":"center center","background-size":"auto","background-attachment":"scroll","background-type":"","background-media":"","overlay-type":"","overlay-color":"","overlay-opacity":"","overlay-gradient":""},"tablet":{"background-color":"","background-image":"","background-repeat":"repeat","background-position":"center center","background-size":"auto","background-attachment":"scroll","background-type":"","background-media":"","overlay-type":"","overlay-color":"","overlay-opacity":"","overlay-gradient":""},"mobile":{"background-color":"","background-image":"","background-repeat":"repeat","background-position":"center center","background-size":"auto","background-attachment":"scroll","background-type":"","background-media":"","overlay-type":"","overlay-color":"","overlay-opacity":"","overlay-gradient":""}},"ast-content-background-meta":{"desktop":{"background-color":"var(--ast-global-color-5)","background-image":"","background-repeat":"repeat","background-position":"center center","background-size":"auto","background-attachment":"scroll","background-type":"","background-media":"","overlay-type":"","overlay-color":"","overlay-opacity":"","overlay-gradient":""},"tablet":{"background-color":"var(--ast-global-color-5)","background-image":"","background-repeat":"repeat","background-position":"center center","background-size":"auto","background-attachment":"scroll","background-type":"","background-media":"","overlay-type":"","overlay-color":"","overlay-opacity":"","overlay-gradient":""},"mobile":{"background-color":"var(--ast-global-color-5)","background-image":"","background-repeat":"repeat","background-position":"center center","background-size":"auto","background-attachment":"scroll","background-type":"","background-media":"","overlay-type":"","overlay-color":"","overlay-opacity":"","overlay-gradient":""}},"footnotes":""},"class_list":["post-2876","page","type-page","status-publish","hentry"],"uagb_featured_image_src":{"full":false,"thumbnail":false,"medium":false,"medium_large":false,"large":false,"1536x1536":false,"2048x2048":false,"tenweb_optimizer_mobile":false,"tenweb_optimizer_tablet":false,"gform-image-choice-sm":false,"gform-image-choice-md":false,"gform-image-choice-lg":false,"mailpoet_newsletter_max":false,"woocommerce_thumbnail":false,"woocommerce_single":false,"woocommerce_gallery_thumbnail":false},"uagb_author_info":{"display_name":false,"author_link":"https:\/\/americanelogistics.com\/fr\/author\/aebox\/"},"uagb_comment_info":0,"uagb_excerpt":"Points de vue d&#8217;AEL Page du blog pour les questions et r\u00e9ponses sur les services, les caract\u00e9ristiques, les id\u00e9es et plus encore. American eLogistics est un partenaire fiable et de confiance pour les commer\u00e7ants europ\u00e9ens qui cherchent \u00e0 d\u00e9velopper leurs activit\u00e9s et \u00e0 atteindre de nouveaux march\u00e9s par le biais du programme Amazon Global Seller.","jetpack_sharing_enabled":true,"_links":{"self":[{"href":"https:\/\/americanelogistics.com\/fr\/wp-json\/wp\/v2\/pages\/2876","targetHints":{"allow":["GET"]}}],"collection":[{"href":"https:\/\/americanelogistics.com\/fr\/wp-json\/wp\/v2\/pages"}],"about":[{"href":"https:\/\/americanelogistics.com\/fr\/wp-json\/wp\/v2\/types\/page"}],"author":[{"embeddable":true,"href":"https:\/\/americanelogistics.com\/fr\/wp-json\/wp\/v2\/users\/2"}],"replies":[{"embeddable":true,"href":"https:\/\/americanelogistics.com\/fr\/wp-json\/wp\/v2\/comments?post=2876"}],"version-history":[{"count":0,"href":"https:\/\/americanelogistics.com\/fr\/wp-json\/wp\/v2\/pages\/2876\/revisions"}],"wp:attachment":[{"href":"https:\/\/americanelogistics.com\/fr\/wp-json\/wp\/v2\/media?parent=2876"}],"curies":[{"name":"wp","href":"https:\/\/api.w.org\/{rel}","templated":true}]}}