{"id":2897,"date":"2024-05-12T22:32:16","date_gmt":"2024-05-12T22:32:16","guid":{"rendered":"https:\/\/americanelogistics.com\/blog\/"},"modified":"2024-06-24T14:52:26","modified_gmt":"2024-06-24T14:52:26","slug":"blog","status":"publish","type":"page","link":"https:\/\/americanelogistics.com\/es\/blog\/","title":{"rendered":"Blog"},"content":{"rendered":"\t\t<div data-elementor-type=\"wp-page\" data-elementor-id=\"2897\" class=\"elementor elementor-2897 elementor-997\" data-elementor-settings=\"{&quot;ha_cmc_init_switcher&quot;:&quot;no&quot;}\" data-elementor-post-type=\"page\">\n\t\t\t\t\t\t<section class=\"elementor-section elementor-top-section elementor-element elementor-element-4c3b02e elementor-section-content-middle elementor-section-boxed elementor-section-height-default elementor-section-height-default wpr-column-slider-no wpr-equal-height-no\" data-id=\"4c3b02e\" data-element_type=\"section\" data-e-type=\"section\" data-settings=\"{&quot;background_background&quot;:&quot;classic&quot;,&quot;_ha_eqh_enable&quot;:false}\">\n\t\t\t\t\t\t\t<div class=\"elementor-background-overlay\"><\/div>\n\t\t\t\t\t\t\t<div class=\"elementor-container elementor-column-gap-no\">\n\t\t\t\t\t<div class=\"elementor-column elementor-col-50 elementor-top-column elementor-element elementor-element-d342da2\" data-id=\"d342da2\" data-element_type=\"column\" data-e-type=\"column\">\n\t\t\t<div class=\"elementor-widget-wrap elementor-element-populated\">\n\t\t\t\t\t\t<div class=\"elementor-element elementor-element-b0f3a91 elementor-widget elementor-widget-heading\" data-id=\"b0f3a91\" data-element_type=\"widget\" data-e-type=\"widget\" data-widget_type=\"heading.default\">\n\t\t\t\t<div class=\"elementor-widget-container\">\n\t\t\t\t\t<h1 class=\"elementor-heading-title elementor-size-default\">AEL Insights<\/h1>\t\t\t\t<\/div>\n\t\t\t\t<\/div>\n\t\t\t\t<div class=\"elementor-element elementor-element-4a1622d elementor-widget elementor-widget-text-editor\" data-id=\"4a1622d\" data-element_type=\"widget\" data-e-type=\"widget\" data-widget_type=\"text-editor.default\">\n\t\t\t\t<div class=\"elementor-widget-container\">\n\t\t\t\t\t\t\t\t\t<p>P\u00e1gina del blog para preguntas y respuestas sobre el servicio, funciones, opiniones y mucho m\u00e1s.<\/p>\n\t\t\t\t\t\t\t\t<\/div>\n\t\t\t\t<\/div>\n\t\t\t\t\t<\/div>\n\t\t<\/div>\n\t\t\t\t<div class=\"elementor-column elementor-col-50 elementor-top-column elementor-element elementor-element-5048e59\" data-id=\"5048e59\" data-element_type=\"column\" data-e-type=\"column\">\n\t\t\t<div class=\"elementor-widget-wrap elementor-element-populated\">\n\t\t\t\t\t\t<div class=\"elementor-element elementor-element-2af2700 elementor-widget elementor-widget-image\" data-id=\"2af2700\" data-element_type=\"widget\" data-e-type=\"widget\" data-widget_type=\"image.default\">\n\t\t\t\t<div class=\"elementor-widget-container\">\n\t\t\t\t\t\t\t\t\t\t\t\t\t\t\t<img fetchpriority=\"high\" decoding=\"async\" width=\"2000\" height=\"1772\" src=\"https:\/\/americanelogistics.com\/wp-content\/uploads\/2024\/05\/blog-blogging-homepage-social-media-network-concept.jpg\" class=\"attachment-full size-full wp-image-1000\" alt=\"Blog Blogging Homepage Social Media Network Concept\" srcset=\"https:\/\/americanelogistics.com\/wp-content\/uploads\/2024\/05\/blog-blogging-homepage-social-media-network-concept.jpg 2000w, https:\/\/americanelogistics.com\/wp-content\/uploads\/2024\/05\/blog-blogging-homepage-social-media-network-concept-600x532.jpg 600w, https:\/\/americanelogistics.com\/wp-content\/uploads\/2024\/05\/blog-blogging-homepage-social-media-network-concept-300x266.jpg 300w, https:\/\/americanelogistics.com\/wp-content\/uploads\/2024\/05\/blog-blogging-homepage-social-media-network-concept-1024x907.jpg 1024w, https:\/\/americanelogistics.com\/wp-content\/uploads\/2024\/05\/blog-blogging-homepage-social-media-network-concept-768x680.jpg 768w, https:\/\/americanelogistics.com\/wp-content\/uploads\/2024\/05\/blog-blogging-homepage-social-media-network-concept-1536x1361.jpg 1536w, https:\/\/americanelogistics.com\/wp-content\/uploads\/2024\/05\/blog-blogging-homepage-social-media-network-concept-1320x1170.jpg 1320w\" sizes=\"(max-width: 2000px) 100vw, 2000px\" title=\"\">\t\t\t\t\t\t\t\t\t\t\t\t\t\t\t<\/div>\n\t\t\t\t<\/div>\n\t\t\t\t\t<\/div>\n\t\t<\/div>\n\t\t\t\t\t<\/div>\n\t\t<\/section>\n\t\t<div class=\"elementor-element elementor-element-b84e4d7 e-flex e-con-boxed wpr-column-slider-no wpr-equal-height-no e-con e-parent\" data-id=\"b84e4d7\" data-element_type=\"container\" data-e-type=\"container\" data-settings=\"{&quot;_ha_eqh_enable&quot;:false}\">\n\t\t\t\t\t<div class=\"e-con-inner\">\n\t\t\t\t<div class=\"elementor-element elementor-element-6b597e5 elementor-widget-divider--view-line elementor-widget elementor-widget-divider\" data-id=\"6b597e5\" data-element_type=\"widget\" data-e-type=\"widget\" data-widget_type=\"divider.default\">\n\t\t\t\t<div class=\"elementor-widget-container\">\n\t\t\t\t\t\t\t<div class=\"elementor-divider\">\n\t\t\t<span class=\"elementor-divider-separator\">\n\t\t\t\t\t\t<\/span>\n\t\t<\/div>\n\t\t\t\t\t\t<\/div>\n\t\t\t\t<\/div>\n\t\t\t\t\t<\/div>\n\t\t\t\t<\/div>\n\t\t<div class=\"elementor-element elementor-element-ba2a0ff e-flex e-con-boxed wpr-column-slider-no wpr-equal-height-no e-con e-parent\" data-id=\"ba2a0ff\" data-element_type=\"container\" data-e-type=\"container\" data-settings=\"{&quot;_ha_eqh_enable&quot;:false}\">\n\t\t\t\t\t<div class=\"e-con-inner\">\n\t\t<div class=\"elementor-element elementor-element-91199d1 e-con-full e-flex wpr-column-slider-no wpr-equal-height-no e-con e-child\" data-id=\"91199d1\" data-element_type=\"container\" data-e-type=\"container\" data-settings=\"{&quot;_ha_eqh_enable&quot;:false}\">\n\t\t\t\t<div class=\"elementor-element elementor-element-9748c69 elementor-widget elementor-widget-text-editor\" data-id=\"9748c69\" data-element_type=\"widget\" data-e-type=\"widget\" data-widget_type=\"text-editor.default\">\n\t\t\t\t<div class=\"elementor-widget-container\">\n\t\t\t\t\t\t\t\t\t<p><strong>American eLogistics<\/strong> es un socio fiable y de confianza para los comerciantes europeos que buscan expandir sus negocios y llegar a nuevos mercados a trav\u00e9s del programa Amazon Global Seller. Con a\u00f1os de experiencia y conocimientos en el sector de la log\u00edstica, hemos desarrollado una serie de soluciones eficaces dise\u00f1adas espec\u00edficamente para ayudar a los comerciantes europeos a superar los retos espec\u00edficos a los que se enfrentan a la hora de vender sus productos en Estados Unidos.<\/p>\n<p>Una de las principales ventajas de trabajar con American eLogistics es nuestra capacidad para garantizar el cumplimiento de las complejas normativas y requisitos que rigen el comercio electr\u00f3nico transfronterizo. Nuestro equipo de expertos conoce a fondo todos los aspectos de la normativa aduanera y de importaci\u00f3n de EE.UU., as\u00ed como las distintas normas y reglamentos que rigen la venta de productos en Amazon. Esto significa que podemos ayudar a los comerciantes europeos a navegar por estos procesos, a menudo confusos y dif\u00edciles, garantizando que sus env\u00edos se mueven sin problemas y con eficacia a trav\u00e9s de la cadena de suministro.<\/p>\n<p>Adem\u00e1s de nuestra experiencia en cumplimiento, American eLogistics tambi\u00e9n se compromete a ayudar a los comerciantes europeos a reducir sus costes operativos y racionalizar sus procesos log\u00edsticos. Ofrecemos una gama de soluciones rentables y eficaces que pueden ayudar a los comerciantes a ahorrar tiempo y dinero, permiti\u00e9ndoles centrarse en hacer crecer sus negocios y aumentar sus beneficios. Desde la gesti\u00f3n de inventarios y la realizaci\u00f3n de pedidos hasta la tramitaci\u00f3n de devoluciones y el servicio de atenci\u00f3n al cliente, disponemos de las herramientas y los recursos necesarios para ayudar a los comerciantes europeos a triunfar en el competitivo mercado estadounidense.<\/p>\n<p>Por \u00faltimo, American eLogistics es tambi\u00e9n la opci\u00f3n preferida para gestionar las devoluciones nacionales en Estados Unidos. Nuestro avanzado sistema de gesti\u00f3n de devoluciones est\u00e1 dise\u00f1ado para que el proceso de devoluci\u00f3n sea lo m\u00e1s f\u00e1cil e indoloro posible tanto para los comerciantes como para los clientes, garantizando que todos queden satisfechos con el resultado. Trabajamos en estrecha colaboraci\u00f3n con los comerciantes para desarrollar pol\u00edticas de devoluciones personalizadas que se adapten a sus necesidades y requisitos espec\u00edficos, y siempre estamos disponibles para proporcionar asesoramiento y orientaci\u00f3n de expertos cuando sea necesario.<\/p>\n<p>En general, American eLogistics es el socio ideal para los comerciantes europeos que quieren vender sus productos en Amazon y otros mercados estadounidenses. Gracias a nuestra amplia experiencia, nuestro compromiso con el cumplimiento de las normas y la eficacia, y nuestra atenci\u00f3n a la satisfacci\u00f3n del cliente, estamos seguros de que podemos ayudar a los comerciantes a superar los retos del comercio electr\u00f3nico transfronterizo y alcanzar sus objetivos empresariales.<\/p>\n\t\t\t\t\t\t\t\t<\/div>\n\t\t\t\t<\/div>\n\t\t\t\t<\/div>\n\t\t<div class=\"elementor-element elementor-element-f40b3db e-con-full e-flex wpr-column-slider-no wpr-equal-height-no e-con e-child\" data-id=\"f40b3db\" data-element_type=\"container\" data-e-type=\"container\" data-settings=\"{&quot;_ha_eqh_enable&quot;:false}\">\n\t\t\t\t<div class=\"elementor-element elementor-element-c1c79fa elementor-position-top elementor-widget elementor-widget-image-box\" data-id=\"c1c79fa\" data-element_type=\"widget\" data-e-type=\"widget\" data-widget_type=\"image-box.default\">\n\t\t\t\t<div class=\"elementor-widget-container\">\n\t\t\t\t\t<div class=\"elementor-image-box-wrapper\"><figure class=\"elementor-image-box-img\"><a href=\"https:\/\/americanelogistics.com\/es\/servicio-internacional-de-devoluciones-de-amazon\/racionalizacion-de-las-devoluciones-en-ee-uu-para-los-vendedores-europeos-de-amazon\/\" tabindex=\"-1\"><img decoding=\"async\" width=\"2000\" height=\"1333\" src=\"https:\/\/americanelogistics.com\/wp-content\/uploads\/2024\/05\/world-map-and-in-front-of-the-map-close-up-hand-holding-pushpin-choose-the-destination-.jpg\" class=\"attachment-full size-full wp-image-1006\" alt=\"U.S. Returns for European Amazon Sellers\" title=\"\" srcset=\"https:\/\/americanelogistics.com\/wp-content\/uploads\/2024\/05\/world-map-and-in-front-of-the-map-close-up-hand-holding-pushpin-choose-the-destination-.jpg 2000w, https:\/\/americanelogistics.com\/wp-content\/uploads\/2024\/05\/world-map-and-in-front-of-the-map-close-up-hand-holding-pushpin-choose-the-destination--600x400.jpg 600w, https:\/\/americanelogistics.com\/wp-content\/uploads\/2024\/05\/world-map-and-in-front-of-the-map-close-up-hand-holding-pushpin-choose-the-destination--300x200.jpg 300w, https:\/\/americanelogistics.com\/wp-content\/uploads\/2024\/05\/world-map-and-in-front-of-the-map-close-up-hand-holding-pushpin-choose-the-destination--1024x682.jpg 1024w, https:\/\/americanelogistics.com\/wp-content\/uploads\/2024\/05\/world-map-and-in-front-of-the-map-close-up-hand-holding-pushpin-choose-the-destination--768x512.jpg 768w, https:\/\/americanelogistics.com\/wp-content\/uploads\/2024\/05\/world-map-and-in-front-of-the-map-close-up-hand-holding-pushpin-choose-the-destination--1536x1024.jpg 1536w, https:\/\/americanelogistics.com\/wp-content\/uploads\/2024\/05\/world-map-and-in-front-of-the-map-close-up-hand-holding-pushpin-choose-the-destination--1320x880.jpg 1320w\" sizes=\"(max-width: 2000px) 100vw, 2000px\" \/><\/a><\/figure><div class=\"elementor-image-box-content\"><h3 class=\"elementor-image-box-title\"><a href=\"https:\/\/americanelogistics.com\/es\/servicio-internacional-de-devoluciones-de-amazon\/racionalizacion-de-las-devoluciones-en-ee-uu-para-los-vendedores-europeos-de-amazon\/\">Racionalizaci\u00f3n de las devoluciones en EE.UU. para los vendedores europeos de Amazon<\/a><\/h3><p class=\"elementor-image-box-description\">American eLogistics se especializa en simplificar este proceso, garantizando que los comerciantes europeos puedan gestionar sus devoluciones en EE.UU. de manera eficiente y seguir cumpliendo con los requisitos de servicio locales de Amazon.<\/p><\/div><\/div>\t\t\t\t<\/div>\n\t\t\t\t<\/div>\n\t\t\t\t<div class=\"elementor-element elementor-element-29c1e19 elementor-position-top elementor-widget elementor-widget-image-box\" data-id=\"29c1e19\" data-element_type=\"widget\" data-e-type=\"widget\" data-widget_type=\"image-box.default\">\n\t\t\t\t<div class=\"elementor-widget-container\">\n\t\t\t\t\t<div class=\"elementor-image-box-wrapper\"><figure class=\"elementor-image-box-img\"><a href=\"https:\/\/americanelogistics.com\/blog\/navigating-cross-border-fulfillment-with-american-e-logistics-empowering-merchants-in-china-south-korea-and-japan\/\" tabindex=\"-1\"><img decoding=\"async\" width=\"1280\" height=\"851\" src=\"https:\/\/americanelogistics.com\/wp-content\/uploads\/2024\/06\/pexels-photo-932261-932261.jpg\" class=\"attachment-full size-full wp-image-2454\" alt=\"pexels-photo-932261-932261.jpg\" title=\"\" srcset=\"https:\/\/americanelogistics.com\/wp-content\/uploads\/2024\/06\/pexels-photo-932261-932261.jpg 1280w, https:\/\/americanelogistics.com\/wp-content\/uploads\/2024\/06\/pexels-photo-932261-932261-300x199.jpg 300w, https:\/\/americanelogistics.com\/wp-content\/uploads\/2024\/06\/pexels-photo-932261-932261-1024x681.jpg 1024w, https:\/\/americanelogistics.com\/wp-content\/uploads\/2024\/06\/pexels-photo-932261-932261-768x511.jpg 768w, https:\/\/americanelogistics.com\/wp-content\/uploads\/2024\/06\/pexels-photo-932261-932261-600x399.jpg 600w\" sizes=\"(max-width: 1280px) 100vw, 1280px\" \/><\/a><\/figure><div class=\"elementor-image-box-content\"><h3 class=\"elementor-image-box-title\"><a href=\"https:\/\/americanelogistics.com\/blog\/navigating-cross-border-fulfillment-with-american-e-logistics-empowering-merchants-in-china-south-korea-and-japan\/\">Cumplimiento transfronterizo con la log\u00edstica electr\u00f3nica estadounidense: <\/a><\/h3><p class=\"elementor-image-box-description\">Capacitar a los comerciantes de China, Corea del Sur y Jap\u00f3n<\/p><\/div><\/div>\t\t\t\t<\/div>\n\t\t\t\t<\/div>\n\t\t\t\t<div class=\"elementor-element elementor-element-adceb78 elementor-position-top elementor-widget elementor-widget-image-box\" data-id=\"adceb78\" data-element_type=\"widget\" data-e-type=\"widget\" data-widget_type=\"image-box.default\">\n\t\t\t\t<div class=\"elementor-widget-container\">\n\t\t\t\t\t<div class=\"elementor-image-box-wrapper\"><figure class=\"elementor-image-box-img\"><img decoding=\"async\" src=\"https:\/\/americanelogistics.com\/wp-content\/plugins\/elementor\/assets\/images\/placeholder.png\" title=\"\" alt=\"\" loading=\"lazy\"><\/figure><div class=\"elementor-image-box-content\"><h3 class=\"elementor-image-box-title\">Esta es la r\u00fabrica<\/h3><p class=\"elementor-image-box-description\">Lorem ipsum dolor sit amet, consectetur adipiscing elit. Ut elit tellus, luctus nec ullamcorper mattis, pulvinar dapibus leo.<\/p><\/div><\/div>\t\t\t\t<\/div>\n\t\t\t\t<\/div>\n\t\t\t\t<div class=\"elementor-element elementor-element-1c2f719 elementor-position-top elementor-widget elementor-widget-image-box\" data-id=\"1c2f719\" data-element_type=\"widget\" data-e-type=\"widget\" data-widget_type=\"image-box.default\">\n\t\t\t\t<div class=\"elementor-widget-container\">\n\t\t\t\t\t<div class=\"elementor-image-box-wrapper\"><figure class=\"elementor-image-box-img\"><img decoding=\"async\" src=\"https:\/\/americanelogistics.com\/wp-content\/plugins\/elementor\/assets\/images\/placeholder.png\" title=\"\" alt=\"\" loading=\"lazy\"><\/figure><div class=\"elementor-image-box-content\"><h3 class=\"elementor-image-box-title\">Esta es la r\u00fabrica<\/h3><p class=\"elementor-image-box-description\">Lorem ipsum dolor sit amet, consectetur adipiscing elit. Ut elit tellus, luctus nec ullamcorper mattis, pulvinar dapibus leo.<\/p><\/div><\/div>\t\t\t\t<\/div>\n\t\t\t\t<\/div>\n\t\t\t\t<div class=\"elementor-element elementor-element-46111be elementor-position-top elementor-widget elementor-widget-image-box\" data-id=\"46111be\" data-element_type=\"widget\" data-e-type=\"widget\" data-widget_type=\"image-box.default\">\n\t\t\t\t<div class=\"elementor-widget-container\">\n\t\t\t\t\t<div class=\"elementor-image-box-wrapper\"><figure class=\"elementor-image-box-img\"><img decoding=\"async\" src=\"https:\/\/americanelogistics.com\/wp-content\/plugins\/elementor\/assets\/images\/placeholder.png\" title=\"\" alt=\"\" loading=\"lazy\"><\/figure><div class=\"elementor-image-box-content\"><h3 class=\"elementor-image-box-title\">Esta es la r\u00fabrica<\/h3><p class=\"elementor-image-box-description\">Lorem ipsum dolor sit amet, consectetur adipiscing elit. Ut elit tellus, luctus nec ullamcorper mattis, pulvinar dapibus leo.<\/p><\/div><\/div>\t\t\t\t<\/div>\n\t\t\t\t<\/div>\n\t\t\t\t<\/div>\n\t\t\t\t\t<\/div>\n\t\t\t\t<\/div>\n\t\t\t\t<section class=\"elementor-section elementor-top-section elementor-element elementor-element-ded3f28 elementor-section-boxed elementor-section-height-default elementor-section-height-default wpr-column-slider-no wpr-equal-height-no\" data-id=\"ded3f28\" data-element_type=\"section\" data-e-type=\"section\" data-settings=\"{&quot;_ha_eqh_enable&quot;:false}\">\n\t\t\t\t\t\t<div class=\"elementor-container elementor-column-gap-no\">\n\t\t\t\t\t<div class=\"elementor-column elementor-col-100 elementor-top-column elementor-element elementor-element-c474cde\" data-id=\"c474cde\" data-element_type=\"column\" data-e-type=\"column\">\n\t\t\t<div class=\"elementor-widget-wrap\">\n\t\t\t\t\t\t\t<\/div>\n\t\t<\/div>\n\t\t\t\t\t<\/div>\n\t\t<\/section>\n\t\t\t\t<section class=\"elementor-section elementor-top-section elementor-element elementor-element-7d8a4d6 elementor-section-boxed elementor-section-height-default elementor-section-height-default wpr-column-slider-no wpr-equal-height-no\" data-id=\"7d8a4d6\" data-element_type=\"section\" data-e-type=\"section\" data-settings=\"{&quot;background_background&quot;:&quot;classic&quot;,&quot;_ha_eqh_enable&quot;:false}\">\n\t\t\t\t\t\t\t<div class=\"elementor-background-overlay\"><\/div>\n\t\t\t\t\t\t\t<div class=\"elementor-container elementor-column-gap-no\">\n\t\t\t\t\t<div class=\"elementor-column elementor-col-100 elementor-top-column elementor-element elementor-element-8f5f0ab\" data-id=\"8f5f0ab\" data-element_type=\"column\" data-e-type=\"column\">\n\t\t\t<div class=\"elementor-widget-wrap\">\n\t\t\t\t\t\t\t<\/div>\n\t\t<\/div>\n\t\t\t\t\t<\/div>\n\t\t<\/section>\n\t\t\t\t<\/div>\n\t\t","protected":false},"excerpt":{"rendered":"<p>AEL Insights P\u00e1gina del blog para preguntas y respuestas sobre el servicio, funciones, opiniones y mucho m\u00e1s. American eLogistics es un socio fiable y de confianza para los comerciantes europeos que buscan expandir sus negocios y llegar a nuevos mercados a trav\u00e9s del programa Amazon Global Seller. Con a\u00f1os de experiencia y conocimientos en el<\/p>\n","protected":false},"author":2,"featured_media":0,"parent":0,"menu_order":0,"comment_status":"closed","ping_status":"closed","template":"","meta":{"content-type":"","inline_featured_image":false,"_uag_custom_page_level_css":"","site-sidebar-layout":"no-sidebar","site-content-layout":"page-builder","ast-site-content-layout":"full-width-container","site-content-style":"unboxed","site-sidebar-style":"unboxed","ast-global-header-display":"","ast-banner-title-visibility":"","ast-main-header-display":"","ast-hfb-above-header-display":"","ast-hfb-below-header-display":"","ast-hfb-mobile-header-display":"","site-post-title":"disabled","ast-breadcrumbs-content":"","ast-featured-img":"disabled","footer-sml-layout":"","ast-disable-related-posts":"","theme-transparent-header-meta":"enabled","adv-header-id-meta":"","stick-header-meta":"","header-above-stick-meta":"","header-main-stick-meta":"","header-below-stick-meta":"","astra-migrate-meta-layouts":"default","ast-page-background-enabled":"default","ast-page-background-meta":{"desktop":{"background-color":"","background-image":"","background-repeat":"repeat","background-position":"center center","background-size":"auto","background-attachment":"scroll","background-type":"","background-media":"","overlay-type":"","overlay-color":"","overlay-opacity":"","overlay-gradient":""},"tablet":{"background-color":"","background-image":"","background-repeat":"repeat","background-position":"center center","background-size":"auto","background-attachment":"scroll","background-type":"","background-media":"","overlay-type":"","overlay-color":"","overlay-opacity":"","overlay-gradient":""},"mobile":{"background-color":"","background-image":"","background-repeat":"repeat","background-position":"center center","background-size":"auto","background-attachment":"scroll","background-type":"","background-media":"","overlay-type":"","overlay-color":"","overlay-opacity":"","overlay-gradient":""}},"ast-content-background-meta":{"desktop":{"background-color":"var(--ast-global-color-5)","background-image":"","background-repeat":"repeat","background-position":"center center","background-size":"auto","background-attachment":"scroll","background-type":"","background-media":"","overlay-type":"","overlay-color":"","overlay-opacity":"","overlay-gradient":""},"tablet":{"background-color":"var(--ast-global-color-5)","background-image":"","background-repeat":"repeat","background-position":"center center","background-size":"auto","background-attachment":"scroll","background-type":"","background-media":"","overlay-type":"","overlay-color":"","overlay-opacity":"","overlay-gradient":""},"mobile":{"background-color":"var(--ast-global-color-5)","background-image":"","background-repeat":"repeat","background-position":"center center","background-size":"auto","background-attachment":"scroll","background-type":"","background-media":"","overlay-type":"","overlay-color":"","overlay-opacity":"","overlay-gradient":""}},"footnotes":""},"class_list":["post-2897","page","type-page","status-publish","hentry"],"uagb_featured_image_src":{"full":false,"thumbnail":false,"medium":false,"medium_large":false,"large":false,"1536x1536":false,"2048x2048":false,"tenweb_optimizer_mobile":false,"tenweb_optimizer_tablet":false,"gform-image-choice-sm":false,"gform-image-choice-md":false,"gform-image-choice-lg":false,"mailpoet_newsletter_max":false,"woocommerce_thumbnail":false,"woocommerce_single":false,"woocommerce_gallery_thumbnail":false},"uagb_author_info":{"display_name":false,"author_link":"https:\/\/americanelogistics.com\/es\/author\/aebox\/"},"uagb_comment_info":0,"uagb_excerpt":"AEL Insights P\u00e1gina del blog para preguntas y respuestas sobre el servicio, funciones, opiniones y mucho m\u00e1s. American eLogistics es un socio fiable y de confianza para los comerciantes europeos que buscan expandir sus negocios y llegar a nuevos mercados a trav\u00e9s del programa Amazon Global Seller. Con a\u00f1os de experiencia y conocimientos en el","jetpack_sharing_enabled":true,"_links":{"self":[{"href":"https:\/\/americanelogistics.com\/es\/wp-json\/wp\/v2\/pages\/2897","targetHints":{"allow":["GET"]}}],"collection":[{"href":"https:\/\/americanelogistics.com\/es\/wp-json\/wp\/v2\/pages"}],"about":[{"href":"https:\/\/americanelogistics.com\/es\/wp-json\/wp\/v2\/types\/page"}],"author":[{"embeddable":true,"href":"https:\/\/americanelogistics.com\/es\/wp-json\/wp\/v2\/users\/2"}],"replies":[{"embeddable":true,"href":"https:\/\/americanelogistics.com\/es\/wp-json\/wp\/v2\/comments?post=2897"}],"version-history":[{"count":0,"href":"https:\/\/americanelogistics.com\/es\/wp-json\/wp\/v2\/pages\/2897\/revisions"}],"wp:attachment":[{"href":"https:\/\/americanelogistics.com\/es\/wp-json\/wp\/v2\/media?parent=2897"}],"curies":[{"name":"wp","href":"https:\/\/api.w.org\/{rel}","templated":true}]}}