{"id":2949,"date":"2024-01-09T20:34:50","date_gmt":"2024-01-09T20:34:50","guid":{"rendered":"https:\/\/americanelogistics.com\/product\/enterprise\/"},"modified":"2024-01-09T20:34:50","modified_gmt":"2024-01-09T20:34:50","slug":"enterprise","status":"publish","type":"product","link":"https:\/\/americanelogistics.com\/de\/produkt\/enterprise\/","title":{"rendered":"ENTERPRISE"},"content":{"rendered":"<div class=\"elementor-element elementor-element-6d06744 elementor-widget elementor-widget-text-editor\" data-id=\"6d06744\" data-element_type=\"widget\" data-widget_type=\"text-editor.default\">\n<div class=\"elementor-widget-container\">\n<p>Entwickelt f\u00fcr internationale H\u00e4ndler mit hohem Retourenaufkommen \u00fcber mehrere Kan\u00e4le und h\u00f6chsten Versandrabatten.<\/p>\n<\/div>\n<\/div>\n<div class=\"elementor-element elementor-element-90f4879 elementor-icon-list--layout-traditional elementor-list-item-link-full_width elementor-widget elementor-widget-icon-list\" data-id=\"90f4879\" data-element_type=\"widget\" data-widget_type=\"icon-list.default\">\n<div class=\"elementor-widget-container\">\n<ul class=\"elementor-icon-list-items\">\n<li class=\"elementor-icon-list-item\"><i class=\"fas fa-check-circle\" aria-hidden=\"true\"><\/i><span class=\"elementor-icon-list-text\">R\u00fccksendeetiketten generieren<\/span><\/li>\n<li class=\"elementor-icon-list-item\"><i class=\"fas fa-check-circle\" aria-hidden=\"true\"><\/i><span class=\"elementor-icon-list-text\">Eing\u00e4nge im Lager<\/span><\/li>\n<li class=\"elementor-icon-list-item\"><i class=\"fas fa-check-circle\" aria-hidden=\"true\"><\/i><span class=\"elementor-icon-list-text\">R\u00fcckgabe-Inspektionen<\/span><\/li>\n<li class=\"elementor-icon-list-item\"><i class=\"fas fa-check-circle\" aria-hidden=\"true\"><\/i><span class=\"elementor-icon-list-text\">Automatisierte monatliche Sendungen<\/span><\/li>\n<li class=\"elementor-icon-list-item\"><i class=\"fas fa-check-circle\" aria-hidden=\"true\"><\/i><span class=\"elementor-icon-list-text\">Umpacken &amp; Konsolidierte Exporte<\/span><\/li>\n<li class=\"elementor-icon-list-item\"><i class=\"fas fa-check-circle\" aria-hidden=\"true\"><\/i><span class=\"elementor-icon-list-text\">80% Rabatt auf den Versand<\/span><\/li>\n<li class=\"elementor-icon-list-item\"><i class=\"fas fa-check-circle\" aria-hidden=\"true\"><\/i><span class=\"elementor-icon-list-text\">Zugang See-\/Luftfracht<\/span><\/li>\n<li class=\"elementor-icon-list-item\"><i class=\"fas fa-check-circle\" aria-hidden=\"true\"><\/i><span class=\"elementor-icon-list-text\">Kundenbetreuung<\/span><\/li>\n<\/ul>\n<\/div>\n<\/div>\n","protected":false},"excerpt":{"rendered":"<div class=\"elementor-element elementor-element-6d06744 elementor-widget elementor-widget-text-editor\" data-id=\"6d06744\" data-element_type=\"widget\" data-widget_type=\"text-editor.default\">\n<div class=\"elementor-widget-container\">\n<p>Entwickelt f\u00fcr internationale H\u00e4ndler mit hohem Retourenaufkommen \u00fcber mehrere Kan\u00e4le und h\u00f6chsten Versandrabatten.<\/p>\n<\/div>\n<\/div>\n<div class=\"elementor-element elementor-element-90f4879 elementor-icon-list--layout-traditional elementor-list-item-link-full_width elementor-widget elementor-widget-icon-list\" data-id=\"90f4879\" data-element_type=\"widget\" data-widget_type=\"icon-list.default\">\n<div class=\"elementor-widget-container\">\n<ul class=\"elementor-icon-list-items\">\n<li class=\"elementor-icon-list-item\"><i class=\"fas fa-check-circle\" aria-hidden=\"true\"><\/i><span class=\"elementor-icon-list-text\">R\u00fccksendeetiketten generieren<\/span><\/li>\n<li class=\"elementor-icon-list-item\"><i class=\"fas fa-check-circle\" aria-hidden=\"true\"><\/i><span class=\"elementor-icon-list-text\">Eing\u00e4nge im Lager<\/span><\/li>\n<li class=\"elementor-icon-list-item\"><i class=\"fas fa-check-circle\" aria-hidden=\"true\"><\/i><span class=\"elementor-icon-list-text\">R\u00fcckgabe-Inspektionen<\/span><\/li>\n<li class=\"elementor-icon-list-item\"><i class=\"fas fa-check-circle\" aria-hidden=\"true\"><\/i><span class=\"elementor-icon-list-text\">Automatisierte monatliche Sendungen<\/span><\/li>\n<li class=\"elementor-icon-list-item\"><i class=\"fas fa-check-circle\" aria-hidden=\"true\"><\/i><span class=\"elementor-icon-list-text\">Umpacken &amp; Konsolidierte Exporte<\/span><\/li>\n<li class=\"elementor-icon-list-item\"><i class=\"fas fa-check-circle\" aria-hidden=\"true\"><\/i><span class=\"elementor-icon-list-text\">80% Rabatt auf den Versand<\/span><\/li>\n<li class=\"elementor-icon-list-item\"><i class=\"fas fa-check-circle\" aria-hidden=\"true\"><\/i><span class=\"elementor-icon-list-text\">Zugang See-\/Luftfracht<\/span><\/li>\n<li class=\"elementor-icon-list-item\"><i class=\"fas fa-check-circle\" aria-hidden=\"true\"><\/i><span class=\"elementor-icon-list-text\">Kundenbetreuung<\/span><\/li>\n<\/ul>\n<\/div>\n<\/div>\n","protected":false},"featured_media":2221,"template":"","meta":{"content-type":"","inline_featured_image":false,"_uag_custom_page_level_css":"","site-sidebar-layout":"default","site-content-layout":"","ast-site-content-layout":"default","site-content-style":"default","site-sidebar-style":"default","ast-global-header-display":"","ast-banner-title-visibility":"","ast-main-header-display":"","ast-hfb-above-header-display":"","ast-hfb-below-header-display":"","ast-hfb-mobile-header-display":"","site-post-title":"","ast-breadcrumbs-content":"","ast-featured-img":"","footer-sml-layout":"","ast-disable-related-posts":"","theme-transparent-header-meta":"default","adv-header-id-meta":"","stick-header-meta":"","header-above-stick-meta":"","header-main-stick-meta":"","header-below-stick-meta":"","astra-migrate-meta-layouts":"default","ast-page-background-enabled":"default","ast-page-background-meta":{"desktop":{"background-color":"","background-image":"","background-repeat":"repeat","background-position":"center center","background-size":"auto","background-attachment":"scroll","background-type":"","background-media":"","overlay-type":"","overlay-color":"","overlay-opacity":"","overlay-gradient":""},"tablet":{"background-color":"","background-image":"","background-repeat":"repeat","background-position":"center center","background-size":"auto","background-attachment":"scroll","background-type":"","background-media":"","overlay-type":"","overlay-color":"","overlay-opacity":"","overlay-gradient":""},"mobile":{"background-color":"","background-image":"","background-repeat":"repeat","background-position":"center center","background-size":"auto","background-attachment":"scroll","background-type":"","background-media":"","overlay-type":"","overlay-color":"","overlay-opacity":"","overlay-gradient":""}},"ast-content-background-meta":{"desktop":{"background-color":"var(--ast-global-color-5)","background-image":"","background-repeat":"repeat","background-position":"center center","background-size":"auto","background-attachment":"scroll","background-type":"","background-media":"","overlay-type":"","overlay-color":"","overlay-opacity":"","overlay-gradient":""},"tablet":{"background-color":"var(--ast-global-color-5)","background-image":"","background-repeat":"repeat","background-position":"center center","background-size":"auto","background-attachment":"scroll","background-type":"","background-media":"","overlay-type":"","overlay-color":"","overlay-opacity":"","overlay-gradient":""},"mobile":{"background-color":"var(--ast-global-color-5)","background-image":"","background-repeat":"repeat","background-position":"center center","background-size":"auto","background-attachment":"scroll","background-type":"","background-media":"","overlay-type":"","overlay-color":"","overlay-opacity":"","overlay-gradient":""}}},"product_brand":[],"product_cat":[112],"product_tag":[113,114,118,116,119,115,117],"class_list":{"0":"post-2949","1":"product","2":"type-product","3":"status-publish","4":"has-post-thumbnail","6":"product_cat-abonnement-de","7":"product_tag-amazon-internationaler-retouren-basisplan","8":"product_tag-ebay-retouren-management","9":"product_tag-konsolidierte-schifffahrt","10":"product_tag-rakuten-international-retourenmanagement-losungen","11":"product_tag-seefracht-spedition","12":"product_tag-verwaltung-von-rucksendungen-im-elektronischen-handel","13":"product_tag-walmart-retourenmanagement","14":"desktop-align-left","15":"tablet-align-left","16":"mobile-align-left","18":"first","19":"instock","20":"shipping-taxable","21":"purchasable","22":"product-type-subscription"},"uagb_featured_image_src":{"full":["https:\/\/americanelogistics.com\/wp-content\/uploads\/2023\/09\/wms-portal.png",1386,1923,false],"thumbnail":["https:\/\/americanelogistics.com\/wp-content\/uploads\/2023\/09\/wms-portal.png",108,150,false],"medium":["https:\/\/americanelogistics.com\/wp-content\/uploads\/2023\/09\/wms-portal.png",216,300,false],"medium_large":["https:\/\/americanelogistics.com\/wp-content\/uploads\/2023\/09\/wms-portal.png",768,1066,false],"large":["https:\/\/americanelogistics.com\/wp-content\/uploads\/2023\/09\/wms-portal.png",738,1024,false],"1536x1536":["https:\/\/americanelogistics.com\/wp-content\/uploads\/2023\/09\/wms-portal.png",1107,1536,false],"2048x2048":["https:\/\/americanelogistics.com\/wp-content\/uploads\/2023\/09\/wms-portal.png",1386,1923,false],"tenweb_optimizer_mobile":["https:\/\/americanelogistics.com\/wp-content\/uploads\/2023\/09\/wms-portal.png",432,600,false],"tenweb_optimizer_tablet":["https:\/\/americanelogistics.com\/wp-content\/uploads\/2023\/09\/wms-portal.png",738,1024,false],"gform-image-choice-sm":["https:\/\/americanelogistics.com\/wp-content\/uploads\/2023\/09\/wms-portal.png",216,300,false],"gform-image-choice-md":["https:\/\/americanelogistics.com\/wp-content\/uploads\/2023\/09\/wms-portal.png",288,400,false],"gform-image-choice-lg":["https:\/\/americanelogistics.com\/wp-content\/uploads\/2023\/09\/wms-portal.png",432,600,false],"mailpoet_newsletter_max":["https:\/\/americanelogistics.com\/wp-content\/uploads\/2023\/09\/wms-portal.png",1320,1831,false],"woocommerce_thumbnail":["https:\/\/americanelogistics.com\/wp-content\/uploads\/2023\/09\/wms-portal-300x300.png",300,300,true],"woocommerce_single":["https:\/\/americanelogistics.com\/wp-content\/uploads\/2023\/09\/wms-portal-600x832.png",600,832,true],"woocommerce_gallery_thumbnail":["https:\/\/americanelogistics.com\/wp-content\/uploads\/2023\/09\/wms-portal-100x100.png",100,100,true]},"uagb_author_info":{"display_name":false,"author_link":"https:\/\/americanelogistics.com\/de\/author\/"},"uagb_comment_info":0,"uagb_excerpt":"Entwickelt f\u00fcr internationale H\u00e4ndler mit hohem Retourenaufkommen \u00fcber mehrere Kan\u00e4le und h\u00f6chsten Versandrabatten. R\u00fccksendeetiketten generieren Eing\u00e4nge im Lager R\u00fcckgabe-Inspektionen Automatisierte monatliche Sendungen Umpacken &amp; Konsolidierte Exporte 80% Rabatt auf den Versand Zugang See-\/Luftfracht Kundenbetreuung","jetpack_sharing_enabled":true,"_links":{"self":[{"href":"https:\/\/americanelogistics.com\/de\/wp-json\/wp\/v2\/product\/2949","targetHints":{"allow":["GET"]}}],"collection":[{"href":"https:\/\/americanelogistics.com\/de\/wp-json\/wp\/v2\/product"}],"about":[{"href":"https:\/\/americanelogistics.com\/de\/wp-json\/wp\/v2\/types\/product"}],"wp:featuredmedia":[{"embeddable":true,"href":"https:\/\/americanelogistics.com\/de\/wp-json\/wp\/v2\/media\/2221"}],"wp:attachment":[{"href":"https:\/\/americanelogistics.com\/de\/wp-json\/wp\/v2\/media?parent=2949"}],"wp:term":[{"taxonomy":"product_brand","embeddable":true,"href":"https:\/\/americanelogistics.com\/de\/wp-json\/wp\/v2\/product_brand?post=2949"},{"taxonomy":"product_cat","embeddable":true,"href":"https:\/\/americanelogistics.com\/de\/wp-json\/wp\/v2\/product_cat?post=2949"},{"taxonomy":"product_tag","embeddable":true,"href":"https:\/\/americanelogistics.com\/de\/wp-json\/wp\/v2\/product_tag?post=2949"}],"curies":[{"name":"wp","href":"https:\/\/api.w.org\/{rel}","templated":true}]}}