{"id":2878,"date":"2024-05-12T22:32:16","date_gmt":"2024-05-12T22:32:16","guid":{"rendered":"https:\/\/americanelogistics.com\/blog\/"},"modified":"2024-06-24T14:30:37","modified_gmt":"2024-06-24T14:30:37","slug":"blog","status":"publish","type":"page","link":"https:\/\/americanelogistics.com\/de\/blog\/","title":{"rendered":"Blog"},"content":{"rendered":"\t\t<div data-elementor-type=\"wp-page\" data-elementor-id=\"2878\" class=\"elementor elementor-2878 elementor-997\" data-elementor-settings=\"{&quot;ha_cmc_init_switcher&quot;:&quot;no&quot;}\" data-elementor-post-type=\"page\">\n\t\t\t\t\t\t<section class=\"elementor-section elementor-top-section elementor-element elementor-element-4c3b02e elementor-section-content-middle elementor-section-boxed elementor-section-height-default elementor-section-height-default wpr-equal-height-no\" data-id=\"4c3b02e\" data-element_type=\"section\" data-e-type=\"section\" data-settings=\"{&quot;background_background&quot;:&quot;classic&quot;,&quot;_ha_eqh_enable&quot;:false}\">\n\t\t\t\t\t\t\t<div class=\"elementor-background-overlay\"><\/div>\n\t\t\t\t\t\t\t<div class=\"elementor-container elementor-column-gap-no\">\n\t\t\t\t\t<div class=\"elementor-column elementor-col-50 elementor-top-column elementor-element elementor-element-d342da2\" data-id=\"d342da2\" data-element_type=\"column\" data-e-type=\"column\">\n\t\t\t<div class=\"elementor-widget-wrap elementor-element-populated\">\n\t\t\t\t\t\t<div class=\"elementor-element elementor-element-b0f3a91 elementor-widget elementor-widget-heading\" data-id=\"b0f3a91\" data-element_type=\"widget\" data-e-type=\"widget\" data-widget_type=\"heading.default\">\n\t\t\t\t<div class=\"elementor-widget-container\">\n\t\t\t\t\t<h1 class=\"elementor-heading-title elementor-size-default\">AEL-Einblicke<\/h1>\t\t\t\t<\/div>\n\t\t\t\t<\/div>\n\t\t\t\t<div class=\"elementor-element elementor-element-4a1622d elementor-widget elementor-widget-text-editor\" data-id=\"4a1622d\" data-element_type=\"widget\" data-e-type=\"widget\" data-widget_type=\"text-editor.default\">\n\t\t\t\t<div class=\"elementor-widget-container\">\n\t\t\t\t\t\t\t\t\t<p>Blog-Seite f\u00fcr Service-Fragen und -Antworten, Funktionen, Einblicke und mehr.<\/p>\n\t\t\t\t\t\t\t\t<\/div>\n\t\t\t\t<\/div>\n\t\t\t\t\t<\/div>\n\t\t<\/div>\n\t\t\t\t<div class=\"elementor-column elementor-col-50 elementor-top-column elementor-element elementor-element-5048e59\" data-id=\"5048e59\" data-element_type=\"column\" data-e-type=\"column\">\n\t\t\t<div class=\"elementor-widget-wrap elementor-element-populated\">\n\t\t\t\t\t\t<div class=\"elementor-element elementor-element-2af2700 elementor-widget elementor-widget-image\" data-id=\"2af2700\" data-element_type=\"widget\" data-e-type=\"widget\" data-widget_type=\"image.default\">\n\t\t\t\t<div class=\"elementor-widget-container\">\n\t\t\t\t\t\t\t\t\t\t\t\t\t\t\t<img fetchpriority=\"high\" decoding=\"async\" width=\"2000\" height=\"1772\" src=\"https:\/\/americanelogistics.com\/wp-content\/uploads\/2024\/05\/blog-blogging-homepage-social-media-network-concept.jpg\" class=\"attachment-full size-full wp-image-1000\" alt=\"Blog Blogging Homepage Social Media Network Concept\" srcset=\"https:\/\/americanelogistics.com\/wp-content\/uploads\/2024\/05\/blog-blogging-homepage-social-media-network-concept.jpg 2000w, https:\/\/americanelogistics.com\/wp-content\/uploads\/2024\/05\/blog-blogging-homepage-social-media-network-concept-600x532.jpg 600w, https:\/\/americanelogistics.com\/wp-content\/uploads\/2024\/05\/blog-blogging-homepage-social-media-network-concept-300x266.jpg 300w, https:\/\/americanelogistics.com\/wp-content\/uploads\/2024\/05\/blog-blogging-homepage-social-media-network-concept-1024x907.jpg 1024w, https:\/\/americanelogistics.com\/wp-content\/uploads\/2024\/05\/blog-blogging-homepage-social-media-network-concept-768x680.jpg 768w, https:\/\/americanelogistics.com\/wp-content\/uploads\/2024\/05\/blog-blogging-homepage-social-media-network-concept-1536x1361.jpg 1536w, https:\/\/americanelogistics.com\/wp-content\/uploads\/2024\/05\/blog-blogging-homepage-social-media-network-concept-1320x1170.jpg 1320w\" sizes=\"(max-width: 2000px) 100vw, 2000px\" title=\"\">\t\t\t\t\t\t\t\t\t\t\t\t\t\t\t<\/div>\n\t\t\t\t<\/div>\n\t\t\t\t\t<\/div>\n\t\t<\/div>\n\t\t\t\t\t<\/div>\n\t\t<\/section>\n\t\t<div class=\"elementor-element elementor-element-b84e4d7 e-flex e-con-boxed wpr-equal-height-no e-con e-parent\" data-id=\"b84e4d7\" data-element_type=\"container\" data-e-type=\"container\" data-settings=\"{&quot;_ha_eqh_enable&quot;:false}\">\n\t\t\t\t\t<div class=\"e-con-inner\">\n\t\t\t\t<div class=\"elementor-element elementor-element-6b597e5 elementor-widget-divider--view-line elementor-widget elementor-widget-divider\" data-id=\"6b597e5\" data-element_type=\"widget\" data-e-type=\"widget\" data-widget_type=\"divider.default\">\n\t\t\t\t<div class=\"elementor-widget-container\">\n\t\t\t\t\t\t\t<div class=\"elementor-divider\">\n\t\t\t<span class=\"elementor-divider-separator\">\n\t\t\t\t\t\t<\/span>\n\t\t<\/div>\n\t\t\t\t\t\t<\/div>\n\t\t\t\t<\/div>\n\t\t\t\t\t<\/div>\n\t\t\t\t<\/div>\n\t\t<div class=\"elementor-element elementor-element-ba2a0ff e-flex e-con-boxed wpr-equal-height-no e-con e-parent\" data-id=\"ba2a0ff\" data-element_type=\"container\" data-e-type=\"container\" data-settings=\"{&quot;_ha_eqh_enable&quot;:false}\">\n\t\t\t\t\t<div class=\"e-con-inner\">\n\t\t<div class=\"elementor-element elementor-element-91199d1 e-con-full e-flex wpr-equal-height-no e-con e-child\" data-id=\"91199d1\" data-element_type=\"container\" data-e-type=\"container\" data-settings=\"{&quot;_ha_eqh_enable&quot;:false}\">\n\t\t\t\t<div class=\"elementor-element elementor-element-9748c69 elementor-widget elementor-widget-text-editor\" data-id=\"9748c69\" data-element_type=\"widget\" data-e-type=\"widget\" data-widget_type=\"text-editor.default\">\n\t\t\t\t<div class=\"elementor-widget-container\">\n\t\t\t\t\t\t\t\t\t<p><strong>American eLogistics<\/strong> ist ein vertrauensw\u00fcrdiger und zuverl\u00e4ssiger Partner f\u00fcr europ\u00e4ische H\u00e4ndler, die ihr Gesch\u00e4ft ausweiten und neue M\u00e4rkte \u00fcber das Amazon Global Seller Programm erreichen m\u00f6chten. Dank unserer langj\u00e4hrigen Erfahrung und unseres Fachwissens in der Logistikbranche haben wir eine Reihe effizienter L\u00f6sungen entwickelt, die speziell darauf ausgerichtet sind, europ\u00e4ischen H\u00e4ndlern bei der Bew\u00e4ltigung der besonderen Herausforderungen zu helfen, denen sie beim Verkauf ihrer Produkte in den Vereinigten Staaten gegen\u00fcberstehen.<\/p>\n<p>Einer der Hauptvorteile der Zusammenarbeit mit American eLogistics besteht darin, dass wir in der Lage sind, die Einhaltung der komplexen Vorschriften und Anforderungen zu gew\u00e4hrleisten, die f\u00fcr den grenz\u00fcberschreitenden E-Commerce gelten. Unser engagiertes Expertenteam ist mit allen Aspekten der US-amerikanischen Zoll- und Einfuhrbestimmungen sowie mit den verschiedenen Regeln und Vorschriften f\u00fcr den Verkauf von Waren auf Amazon bestens vertraut. Das bedeutet, dass wir europ\u00e4ischen H\u00e4ndlern dabei helfen k\u00f6nnen, sich in diesen oft verwirrenden und schwierigen Prozessen zurechtzufinden und sicherzustellen, dass ihre Sendungen reibungslos und effizient durch die Lieferkette laufen.<\/p>\n<p>Zus\u00e4tzlich zu unserem Fachwissen \u00fcber die Einhaltung von Vorschriften unterst\u00fctzt American eLogistics europ\u00e4ische H\u00e4ndler bei der Senkung ihrer Betriebskosten und der Rationalisierung ihrer Logistikprozesse. Wir bieten eine Reihe kosteng\u00fcnstiger und effizienter L\u00f6sungen, die H\u00e4ndlern helfen, Zeit und Geld zu sparen, damit sie sich auf das Wachstum ihres Unternehmens und die Steigerung ihrer Gewinne konzentrieren k\u00f6nnen. Von der Bestandsverwaltung und Auftragsabwicklung bis hin zur Retourenbearbeitung und zum Kundendienst verf\u00fcgen wir \u00fcber die erforderlichen Instrumente und Ressourcen, um europ\u00e4ischen H\u00e4ndlern zu helfen, auf dem wettbewerbsintensiven US-Markt erfolgreich zu sein.<\/p>\n<p>Schlie\u00dflich ist American eLogistics auch die bevorzugte Wahl f\u00fcr die Verwaltung von R\u00fccksendungen in die USA. Unser fortschrittliches Retourenmanagementsystem wurde entwickelt, um den Retourenprozess sowohl f\u00fcr H\u00e4ndler als auch f\u00fcr Kunden so einfach und schmerzlos wie m\u00f6glich zu gestalten und sicherzustellen, dass alle Beteiligten mit dem Ergebnis zufrieden sind. Wir arbeiten eng mit den H\u00e4ndlern zusammen, um ma\u00dfgeschneiderte R\u00fccksendungsrichtlinien zu entwickeln, die auf ihre spezifischen Bed\u00fcrfnisse und Anforderungen zugeschnitten sind, und wir stehen immer zur Verf\u00fcgung, um fachkundigen Rat und Anleitung zu geben, wann immer dies erforderlich ist.<\/p>\n<p>Insgesamt ist American eLogistics der ideale Partner f\u00fcr europ\u00e4ische H\u00e4ndler, die ihre Produkte auf Amazon und anderen US-amerikanischen Marktpl\u00e4tzen verkaufen wollen. Mit unserer umfangreichen Erfahrung, unserem Engagement f\u00fcr Compliance und Effizienz und unserem Fokus auf Kundenzufriedenheit sind wir zuversichtlich, dass wir H\u00e4ndlern helfen k\u00f6nnen, die Herausforderungen des grenz\u00fcberschreitenden E-Commerce zu meistern und ihre Gesch\u00e4ftsziele zu erreichen.<\/p>\n\t\t\t\t\t\t\t\t<\/div>\n\t\t\t\t<\/div>\n\t\t\t\t<\/div>\n\t\t<div class=\"elementor-element elementor-element-f40b3db e-con-full e-flex wpr-equal-height-no e-con e-child\" data-id=\"f40b3db\" data-element_type=\"container\" data-e-type=\"container\" data-settings=\"{&quot;_ha_eqh_enable&quot;:false}\">\n\t\t\t\t<div class=\"elementor-element elementor-element-c1c79fa elementor-position-top elementor-widget elementor-widget-image-box\" data-id=\"c1c79fa\" data-element_type=\"widget\" data-e-type=\"widget\" data-widget_type=\"image-box.default\">\n\t\t\t\t<div class=\"elementor-widget-container\">\n\t\t\t\t\t<div class=\"elementor-image-box-wrapper\"><figure class=\"elementor-image-box-img\"><a href=\"https:\/\/americanelogistics.com\/de\/amazon-internationaler-rueckholservice\/vereinfachung-der-u-s-ruecksendungen-fuer-europaeische-amazon-verkaeufer\/\" tabindex=\"-1\"><img decoding=\"async\" width=\"2000\" height=\"1333\" src=\"https:\/\/americanelogistics.com\/wp-content\/uploads\/2024\/05\/world-map-and-in-front-of-the-map-close-up-hand-holding-pushpin-choose-the-destination-.jpg\" class=\"attachment-full size-full wp-image-1006\" alt=\"U.S. Returns for European Amazon Sellers\" title=\"\" srcset=\"https:\/\/americanelogistics.com\/wp-content\/uploads\/2024\/05\/world-map-and-in-front-of-the-map-close-up-hand-holding-pushpin-choose-the-destination-.jpg 2000w, https:\/\/americanelogistics.com\/wp-content\/uploads\/2024\/05\/world-map-and-in-front-of-the-map-close-up-hand-holding-pushpin-choose-the-destination--600x400.jpg 600w, https:\/\/americanelogistics.com\/wp-content\/uploads\/2024\/05\/world-map-and-in-front-of-the-map-close-up-hand-holding-pushpin-choose-the-destination--300x200.jpg 300w, https:\/\/americanelogistics.com\/wp-content\/uploads\/2024\/05\/world-map-and-in-front-of-the-map-close-up-hand-holding-pushpin-choose-the-destination--1024x682.jpg 1024w, https:\/\/americanelogistics.com\/wp-content\/uploads\/2024\/05\/world-map-and-in-front-of-the-map-close-up-hand-holding-pushpin-choose-the-destination--768x512.jpg 768w, https:\/\/americanelogistics.com\/wp-content\/uploads\/2024\/05\/world-map-and-in-front-of-the-map-close-up-hand-holding-pushpin-choose-the-destination--1536x1024.jpg 1536w, https:\/\/americanelogistics.com\/wp-content\/uploads\/2024\/05\/world-map-and-in-front-of-the-map-close-up-hand-holding-pushpin-choose-the-destination--1320x880.jpg 1320w\" sizes=\"(max-width: 2000px) 100vw, 2000px\" \/><\/a><\/figure><div class=\"elementor-image-box-content\"><h3 class=\"elementor-image-box-title\"><a href=\"https:\/\/americanelogistics.com\/de\/amazon-internationaler-rueckholservice\/vereinfachung-der-u-s-ruecksendungen-fuer-europaeische-amazon-verkaeufer\/\">Vereinfachung der U.S.-R\u00fccksendungen f\u00fcr europ\u00e4ische Amazon-Verk\u00e4ufer<\/a><\/h3><p class=\"elementor-image-box-description\">American eLogistics ist auf die Vereinfachung dieses Prozesses spezialisiert und stellt sicher, dass europ\u00e4ische H\u00e4ndler ihre US-R\u00fccksendungen effizient verwalten und die lokalen Serviceanforderungen von Amazon einhalten k\u00f6nnen.<\/p><\/div><\/div>\t\t\t\t<\/div>\n\t\t\t\t<\/div>\n\t\t\t\t<div class=\"elementor-element elementor-element-29c1e19 elementor-position-top elementor-widget elementor-widget-image-box\" data-id=\"29c1e19\" data-element_type=\"widget\" data-e-type=\"widget\" data-widget_type=\"image-box.default\">\n\t\t\t\t<div class=\"elementor-widget-container\">\n\t\t\t\t\t<div class=\"elementor-image-box-wrapper\"><figure class=\"elementor-image-box-img\"><a href=\"https:\/\/americanelogistics.com\/blog\/navigating-cross-border-fulfillment-with-american-e-logistics-empowering-merchants-in-china-south-korea-and-japan\/\" tabindex=\"-1\"><img decoding=\"async\" width=\"1280\" height=\"851\" src=\"https:\/\/americanelogistics.com\/wp-content\/uploads\/2024\/06\/pexels-photo-932261-932261.jpg\" class=\"attachment-full size-full wp-image-2454\" alt=\"pexels-photo-932261-932261.jpg\" title=\"\" srcset=\"https:\/\/americanelogistics.com\/wp-content\/uploads\/2024\/06\/pexels-photo-932261-932261.jpg 1280w, https:\/\/americanelogistics.com\/wp-content\/uploads\/2024\/06\/pexels-photo-932261-932261-300x199.jpg 300w, https:\/\/americanelogistics.com\/wp-content\/uploads\/2024\/06\/pexels-photo-932261-932261-1024x681.jpg 1024w, https:\/\/americanelogistics.com\/wp-content\/uploads\/2024\/06\/pexels-photo-932261-932261-768x511.jpg 768w, https:\/\/americanelogistics.com\/wp-content\/uploads\/2024\/06\/pexels-photo-932261-932261-600x399.jpg 600w\" sizes=\"(max-width: 1280px) 100vw, 1280px\" \/><\/a><\/figure><div class=\"elementor-image-box-content\"><h3 class=\"elementor-image-box-title\"><a href=\"https:\/\/americanelogistics.com\/blog\/navigating-cross-border-fulfillment-with-american-e-logistics-empowering-merchants-in-china-south-korea-and-japan\/\">Grenz\u00fcberschreitendes Fulfillment mit amerikanischer e-Logistik: <\/a><\/h3><p class=\"elementor-image-box-description\">St\u00e4rkung der Kaufleute in China, S\u00fcdkorea und Japan<\/p><\/div><\/div>\t\t\t\t<\/div>\n\t\t\t\t<\/div>\n\t\t\t\t<div class=\"elementor-element elementor-element-adceb78 elementor-position-top elementor-widget elementor-widget-image-box\" data-id=\"adceb78\" data-element_type=\"widget\" data-e-type=\"widget\" data-widget_type=\"image-box.default\">\n\t\t\t\t<div class=\"elementor-widget-container\">\n\t\t\t\t\t<div class=\"elementor-image-box-wrapper\"><figure class=\"elementor-image-box-img\"><img decoding=\"async\" src=\"https:\/\/americanelogistics.com\/wp-content\/plugins\/elementor\/assets\/images\/placeholder.png\" title=\"\" alt=\"\" loading=\"lazy\"><\/figure><div class=\"elementor-image-box-content\"><h3 class=\"elementor-image-box-title\">Dies ist die \u00dcberschrift<\/h3><p class=\"elementor-image-box-description\">Lorem ipsum dolor sit amet, consectetur adipiscing elit. Ut elit tellus, luctus nec ullamcorper mattis, pulvinar dapibus leo.<\/p><\/div><\/div>\t\t\t\t<\/div>\n\t\t\t\t<\/div>\n\t\t\t\t<div class=\"elementor-element elementor-element-1c2f719 elementor-position-top elementor-widget elementor-widget-image-box\" data-id=\"1c2f719\" data-element_type=\"widget\" data-e-type=\"widget\" data-widget_type=\"image-box.default\">\n\t\t\t\t<div class=\"elementor-widget-container\">\n\t\t\t\t\t<div class=\"elementor-image-box-wrapper\"><figure class=\"elementor-image-box-img\"><img decoding=\"async\" src=\"https:\/\/americanelogistics.com\/wp-content\/plugins\/elementor\/assets\/images\/placeholder.png\" title=\"\" alt=\"\" loading=\"lazy\"><\/figure><div class=\"elementor-image-box-content\"><h3 class=\"elementor-image-box-title\">Dies ist die \u00dcberschrift<\/h3><p class=\"elementor-image-box-description\">Lorem ipsum dolor sit amet, consectetur adipiscing elit. Ut elit tellus, luctus nec ullamcorper mattis, pulvinar dapibus leo.<\/p><\/div><\/div>\t\t\t\t<\/div>\n\t\t\t\t<\/div>\n\t\t\t\t<div class=\"elementor-element elementor-element-46111be elementor-position-top elementor-widget elementor-widget-image-box\" data-id=\"46111be\" data-element_type=\"widget\" data-e-type=\"widget\" data-widget_type=\"image-box.default\">\n\t\t\t\t<div class=\"elementor-widget-container\">\n\t\t\t\t\t<div class=\"elementor-image-box-wrapper\"><figure class=\"elementor-image-box-img\"><img decoding=\"async\" src=\"https:\/\/americanelogistics.com\/wp-content\/plugins\/elementor\/assets\/images\/placeholder.png\" title=\"\" alt=\"\" loading=\"lazy\"><\/figure><div class=\"elementor-image-box-content\"><h3 class=\"elementor-image-box-title\">Dies ist die \u00dcberschrift<\/h3><p class=\"elementor-image-box-description\">Lorem ipsum dolor sit amet, consectetur adipiscing elit. Ut elit tellus, luctus nec ullamcorper mattis, pulvinar dapibus leo.<\/p><\/div><\/div>\t\t\t\t<\/div>\n\t\t\t\t<\/div>\n\t\t\t\t<\/div>\n\t\t\t\t\t<\/div>\n\t\t\t\t<\/div>\n\t\t\t\t<section class=\"elementor-section elementor-top-section elementor-element elementor-element-ded3f28 elementor-section-boxed elementor-section-height-default elementor-section-height-default wpr-equal-height-no\" data-id=\"ded3f28\" data-element_type=\"section\" data-e-type=\"section\" data-settings=\"{&quot;_ha_eqh_enable&quot;:false}\">\n\t\t\t\t\t\t<div class=\"elementor-container elementor-column-gap-no\">\n\t\t\t\t\t<div class=\"elementor-column elementor-col-100 elementor-top-column elementor-element elementor-element-c474cde\" data-id=\"c474cde\" data-element_type=\"column\" data-e-type=\"column\">\n\t\t\t<div class=\"elementor-widget-wrap\">\n\t\t\t\t\t\t\t<\/div>\n\t\t<\/div>\n\t\t\t\t\t<\/div>\n\t\t<\/section>\n\t\t\t\t<section class=\"elementor-section elementor-top-section elementor-element elementor-element-7d8a4d6 elementor-section-boxed elementor-section-height-default elementor-section-height-default wpr-equal-height-no\" data-id=\"7d8a4d6\" data-element_type=\"section\" data-e-type=\"section\" data-settings=\"{&quot;background_background&quot;:&quot;classic&quot;,&quot;_ha_eqh_enable&quot;:false}\">\n\t\t\t\t\t\t\t<div class=\"elementor-background-overlay\"><\/div>\n\t\t\t\t\t\t\t<div class=\"elementor-container elementor-column-gap-no\">\n\t\t\t\t\t<div class=\"elementor-column elementor-col-100 elementor-top-column elementor-element elementor-element-8f5f0ab\" data-id=\"8f5f0ab\" data-element_type=\"column\" data-e-type=\"column\">\n\t\t\t<div class=\"elementor-widget-wrap\">\n\t\t\t\t\t\t\t<\/div>\n\t\t<\/div>\n\t\t\t\t\t<\/div>\n\t\t<\/section>\n\t\t\t\t<\/div>\n\t\t","protected":false},"excerpt":{"rendered":"<p>AEL-Einblicke Blog-Seite f\u00fcr Service-Fragen und -Antworten, Funktionen, Einblicke und mehr. American eLogistics ist ein vertrauensw\u00fcrdiger und zuverl\u00e4ssiger Partner f\u00fcr europ\u00e4ische H\u00e4ndler, die ihr Gesch\u00e4ft ausweiten und neue M\u00e4rkte \u00fcber das Amazon Global Seller Programm erreichen m\u00f6chten. Dank unserer langj\u00e4hrigen Erfahrung und unseres Fachwissens in der Logistikbranche haben wir eine Reihe effizienter L\u00f6sungen entwickelt, die speziell<\/p>\n","protected":false},"author":2,"featured_media":0,"parent":0,"menu_order":0,"comment_status":"closed","ping_status":"closed","template":"","meta":{"content-type":"","inline_featured_image":false,"_uag_custom_page_level_css":"","site-sidebar-layout":"no-sidebar","site-content-layout":"page-builder","ast-site-content-layout":"full-width-container","site-content-style":"unboxed","site-sidebar-style":"unboxed","ast-global-header-display":"","ast-banner-title-visibility":"","ast-main-header-display":"","ast-hfb-above-header-display":"","ast-hfb-below-header-display":"","ast-hfb-mobile-header-display":"","site-post-title":"disabled","ast-breadcrumbs-content":"","ast-featured-img":"disabled","footer-sml-layout":"","ast-disable-related-posts":"","theme-transparent-header-meta":"enabled","adv-header-id-meta":"","stick-header-meta":"","header-above-stick-meta":"","header-main-stick-meta":"","header-below-stick-meta":"","astra-migrate-meta-layouts":"default","ast-page-background-enabled":"default","ast-page-background-meta":{"desktop":{"background-color":"","background-image":"","background-repeat":"repeat","background-position":"center center","background-size":"auto","background-attachment":"scroll","background-type":"","background-media":"","overlay-type":"","overlay-color":"","overlay-opacity":"","overlay-gradient":""},"tablet":{"background-color":"","background-image":"","background-repeat":"repeat","background-position":"center center","background-size":"auto","background-attachment":"scroll","background-type":"","background-media":"","overlay-type":"","overlay-color":"","overlay-opacity":"","overlay-gradient":""},"mobile":{"background-color":"","background-image":"","background-repeat":"repeat","background-position":"center center","background-size":"auto","background-attachment":"scroll","background-type":"","background-media":"","overlay-type":"","overlay-color":"","overlay-opacity":"","overlay-gradient":""}},"ast-content-background-meta":{"desktop":{"background-color":"var(--ast-global-color-5)","background-image":"","background-repeat":"repeat","background-position":"center center","background-size":"auto","background-attachment":"scroll","background-type":"","background-media":"","overlay-type":"","overlay-color":"","overlay-opacity":"","overlay-gradient":""},"tablet":{"background-color":"var(--ast-global-color-5)","background-image":"","background-repeat":"repeat","background-position":"center center","background-size":"auto","background-attachment":"scroll","background-type":"","background-media":"","overlay-type":"","overlay-color":"","overlay-opacity":"","overlay-gradient":""},"mobile":{"background-color":"var(--ast-global-color-5)","background-image":"","background-repeat":"repeat","background-position":"center center","background-size":"auto","background-attachment":"scroll","background-type":"","background-media":"","overlay-type":"","overlay-color":"","overlay-opacity":"","overlay-gradient":""}},"footnotes":""},"class_list":["post-2878","page","type-page","status-publish","hentry"],"uagb_featured_image_src":{"full":false,"thumbnail":false,"medium":false,"medium_large":false,"large":false,"1536x1536":false,"2048x2048":false,"tenweb_optimizer_mobile":false,"tenweb_optimizer_tablet":false,"gform-image-choice-sm":false,"gform-image-choice-md":false,"gform-image-choice-lg":false,"mailpoet_newsletter_max":false,"woocommerce_thumbnail":false,"woocommerce_single":false,"woocommerce_gallery_thumbnail":false},"uagb_author_info":{"display_name":false,"author_link":"https:\/\/americanelogistics.com\/de\/author\/aebox\/"},"uagb_comment_info":0,"uagb_excerpt":"AEL-Einblicke Blog-Seite f\u00fcr Service-Fragen und -Antworten, Funktionen, Einblicke und mehr. American eLogistics ist ein vertrauensw\u00fcrdiger und zuverl\u00e4ssiger Partner f\u00fcr europ\u00e4ische H\u00e4ndler, die ihr Gesch\u00e4ft ausweiten und neue M\u00e4rkte \u00fcber das Amazon Global Seller Programm erreichen m\u00f6chten. Dank unserer langj\u00e4hrigen Erfahrung und unseres Fachwissens in der Logistikbranche haben wir eine Reihe effizienter L\u00f6sungen entwickelt, die speziell","jetpack_sharing_enabled":true,"_links":{"self":[{"href":"https:\/\/americanelogistics.com\/de\/wp-json\/wp\/v2\/pages\/2878","targetHints":{"allow":["GET"]}}],"collection":[{"href":"https:\/\/americanelogistics.com\/de\/wp-json\/wp\/v2\/pages"}],"about":[{"href":"https:\/\/americanelogistics.com\/de\/wp-json\/wp\/v2\/types\/page"}],"author":[{"embeddable":true,"href":"https:\/\/americanelogistics.com\/de\/wp-json\/wp\/v2\/users\/2"}],"replies":[{"embeddable":true,"href":"https:\/\/americanelogistics.com\/de\/wp-json\/wp\/v2\/comments?post=2878"}],"version-history":[{"count":0,"href":"https:\/\/americanelogistics.com\/de\/wp-json\/wp\/v2\/pages\/2878\/revisions"}],"wp:attachment":[{"href":"https:\/\/americanelogistics.com\/de\/wp-json\/wp\/v2\/media?parent=2878"}],"curies":[{"name":"wp","href":"https:\/\/api.w.org\/{rel}","templated":true}]}}